{"id":2673,"date":"2025-10-31T12:06:14","date_gmt":"2025-10-31T11:06:14","guid":{"rendered":"https:\/\/laserrobotarm.com\/?page_id=2673"},"modified":"2026-05-04T07:50:59","modified_gmt":"2026-05-04T05:50:59","slug":"schmerzen-in-der-wirbelsaeule","status":"publish","type":"page","link":"https:\/\/laserrobotarm.com\/en\/schmerzen-in-der-wirbelsaeule\/","title":{"rendered":"Spine pain"},"content":{"rendered":"<div data-elementor-type=\"wp-page\" data-elementor-id=\"2673\" class=\"elementor elementor-2673\">\n\t\t\t\t<div class=\"elementor-element elementor-element-7a5696cb e-flex e-con-boxed e-con e-parent\" data-id=\"7a5696cb\" data-element_type=\"container\" data-e-type=\"container\" data-settings=\"{&quot;background_background&quot;:&quot;classic&quot;}\">\n\t\t\t\t\t<div class=\"e-con-inner\">\n\t\t\t\t<div class=\"elementor-element elementor-element-18c9678a h-header elementor-widget elementor-widget-imroz-section-title\" data-id=\"18c9678a\" data-element_type=\"widget\" data-e-type=\"widget\" data-widget_type=\"imroz-section-title.default\">\n\t\t\t\t<div class=\"elementor-widget-container\">\n\t\t\t\t\t        <div class=\"section-title mb--20 mb_sm--0 text-left\">\r\n                                        <span class=\"sub-title\">Prof. Dr. Citak Back Center Hamburg<\/span>\r\n                        <h2 class=\"title rbt-section-title\"><span>Your specialist for spinal pain<\/span><\/h2>                            <p>Innovative and gentle treatments for your spine<\/p>\r\n                            <\/div>\r\n        \t\t\t\t<\/div>\n\t\t\t\t<\/div>\n\t\t\t\t\t<\/div>\n\t\t\t\t<\/div>\n\t\t<div class=\"elementor-element elementor-element-5fabe97b rn-section-gap overflow-hidden e-flex e-con-boxed e-con e-parent\" data-id=\"5fabe97b\" data-element_type=\"container\" data-e-type=\"container\">\n\t\t\t\t\t<div class=\"e-con-inner\">\n\t\t<div class=\"elementor-element elementor-element-70765614 e-con-full pb--40 e-flex e-con e-child\" data-id=\"70765614\" data-element_type=\"container\" data-e-type=\"container\">\n\t\t\t\t<div class=\"elementor-element elementor-element-4457d710 image-stack elementor-widget elementor-widget-image\" data-id=\"4457d710\" data-element_type=\"widget\" data-e-type=\"widget\" data-widget_type=\"image.default\">\n\t\t\t\t<div class=\"elementor-widget-container\">\n\t\t\t\t\t\t\t\t\t\t\t\t\t\t\t<img fetchpriority=\"high\" decoding=\"async\" width=\"610\" height=\"425\" src=\"https:\/\/laserrobotarm.com\/wp-content\/uploads\/2025\/10\/Schmerzen-in-der-Wirbelsaeule-Uebersicht-Citak-Gesundheitszentrum-Hamburg.jpg\" class=\"attachment-large size-large wp-image-2616\" alt=\"\" srcset=\"https:\/\/laserrobotarm.com\/wp-content\/uploads\/2025\/10\/Schmerzen-in-der-Wirbelsaeule-Uebersicht-Citak-Gesundheitszentrum-Hamburg.jpg 610w, https:\/\/laserrobotarm.com\/wp-content\/uploads\/2025\/10\/Schmerzen-in-der-Wirbelsaeule-Uebersicht-Citak-Gesundheitszentrum-Hamburg-300x209.jpg 300w, https:\/\/laserrobotarm.com\/wp-content\/uploads\/2025\/10\/Schmerzen-in-der-Wirbelsaeule-Uebersicht-Citak-Gesundheitszentrum-Hamburg-18x12.jpg 18w\" sizes=\"(max-width: 610px) 100vw, 610px\" \/>\t\t\t\t\t\t\t\t\t\t\t\t\t\t\t<\/div>\n\t\t\t\t<\/div>\n\t\t\t\t<\/div>\n\t\t<div class=\"elementor-element elementor-element-3c3a8ab8 e-con-full pb--40 e-flex e-con e-child\" data-id=\"3c3a8ab8\" data-element_type=\"container\" data-e-type=\"container\">\n\t\t\t\t<div class=\"elementor-element elementor-element-74b39fae elementor-widget elementor-widget-text-editor\" data-id=\"74b39fae\" data-element_type=\"widget\" data-e-type=\"widget\" data-widget_type=\"text-editor.default\">\n\t\t\t\t<div class=\"elementor-widget-container\">\n\t\t\t\t\t\t\t\t\t<p>The spine, our body\u2019s supporting pillar, is susceptible to a range of injuries and fractures caused by accidents, overuse, or degenerative disorders. The most common issues include herniated discs, vertebral fractures, degenerative conditions such as osteoporosis, as well as injuries to the ligaments and muscles surrounding the spine.<\/p>\t\t\t\t\t\t\t\t<\/div>\n\t\t\t\t<\/div>\n\t\t\t\t<\/div>\n\t\t\t\t\t<\/div>\n\t\t\t\t<\/div>\n\t\t<div class=\"elementor-element elementor-element-5fdad7d4 rn-section-gap bg_fixed e-flex e-con-boxed e-con e-parent\" data-id=\"5fdad7d4\" data-element_type=\"container\" data-e-type=\"container\" data-settings=\"{&quot;background_background&quot;:&quot;classic&quot;}\">\n\t\t\t\t\t<div class=\"e-con-inner\">\n\t\t<div class=\"elementor-element elementor-element-7d0e0246 e-con-full e-flex e-con e-child\" data-id=\"7d0e0246\" data-element_type=\"container\" data-e-type=\"container\" data-settings=\"{&quot;background_background&quot;:&quot;classic&quot;}\">\n\t\t\t\t<div class=\"elementor-element elementor-element-32709385 elementor-view-default elementor-widget elementor-widget-icon\" data-id=\"32709385\" data-element_type=\"widget\" data-e-type=\"widget\" data-widget_type=\"icon.default\">\n\t\t\t\t<div class=\"elementor-widget-container\">\n\t\t\t\t\t\t\t<div class=\"elementor-icon-wrapper\">\n\t\t\t<div class=\"elementor-icon\">\n\t\t\t<i aria-hidden=\"true\" class=\"rbt feather-triangle\"><\/i>\t\t\t<\/div>\n\t\t<\/div>\n\t\t\t\t\t\t<\/div>\n\t\t\t\t<\/div>\n\t\t\t\t<div class=\"elementor-element elementor-element-6d84deb7 elementor-widget elementor-widget-imroz-section-title\" data-id=\"6d84deb7\" data-element_type=\"widget\" data-e-type=\"widget\" data-widget_type=\"imroz-section-title.default\">\n\t\t\t\t<div class=\"elementor-widget-container\">\n\t\t\t\t\t        <div class=\"section-title mb--20 mb_sm--0 text-left\">\r\n                                    <h2 class=\"title rbt-section-title\"><span>Innovative regenerative therapies for pain relief and spinal healing<\/span><\/h2>                            <p>At the Prof. Dr. Citak Back Center Hamburg, under the leadership of Prof. Dr. med. Musa Citak, we rely on advanced regenerative treatment methods. This includes Extracorporeal Magnetotransduction Therapy (EMTT), an innovative method that uses magnetic impulses to promote cell tissue regeneration and relieve pain. Shockwave therapy is another non-invasive treatment option that uses sound waves to accelerate healing and reduce pain.<\/p>\r\n                            <\/div>\r\n        \t\t\t\t<\/div>\n\t\t\t\t<\/div>\n\t\t\t\t<\/div>\n\t\t\t\t\t<\/div>\n\t\t\t\t<\/div>\n\t\t<div class=\"elementor-element elementor-element-5cd35d47 rn-section-gap e-flex e-con-boxed e-con e-parent\" data-id=\"5cd35d47\" data-element_type=\"container\" data-e-type=\"container\">\n\t\t\t\t\t<div class=\"e-con-inner\">\n\t\t\t\t<div class=\"elementor-element elementor-element-4ff56107 elementor-widget elementor-widget-imroz-section-title\" data-id=\"4ff56107\" data-element_type=\"widget\" data-e-type=\"widget\" data-widget_type=\"imroz-section-title.default\">\n\t\t\t\t<div class=\"elementor-widget-container\">\n\t\t\t\t\t        <div class=\"section-title mb--20 mb_sm--0 text-left\">\r\n                                    <h2 class=\"title rbt-section-title\"><span>Conservative treatment methods \u2013 effective and gentle for the spine<\/span><\/h2>                            <\/div>\r\n        \t\t\t\t<\/div>\n\t\t\t\t<\/div>\n\t\t\t\t<div class=\"elementor-element elementor-element-7c7b758a pb--40 elementor-widget elementor-widget-text-editor\" data-id=\"7c7b758a\" data-element_type=\"widget\" data-e-type=\"widget\" data-widget_type=\"text-editor.default\">\n\t\t\t\t<div class=\"elementor-widget-container\">\n\t\t\t\t\t\t\t\t\t<p>In addition to regenerative therapies, we at the Prof. Dr. Citak Back Center Hamburg place great emphasis on conservative treatment methods. These include physiotherapy, manual therapy, pain management, medication, and targeted exercises to strengthen the back muscles. Our goal is always to avoid surgical interventions and support the body\u2019s natural healing process.<\/p>\t\t\t\t\t\t\t\t<\/div>\n\t\t\t\t<\/div>\n\t\t\t\t<div class=\"elementor-element elementor-element-566bc6ce elementor-widget elementor-widget-imroz-section-title\" data-id=\"566bc6ce\" data-element_type=\"widget\" data-e-type=\"widget\" data-widget_type=\"imroz-section-title.default\">\n\t\t\t\t<div class=\"elementor-widget-container\">\n\t\t\t\t\t        <div class=\"section-title mb--20 mb_sm--0 text-left\">\r\n                                    <h2 class=\"title rbt-section-title\"><span>Spinal surgery: Interdisciplinary collaboration for optimal treatment outcomes<\/span><\/h2>                            <\/div>\r\n        \t\t\t\t<\/div>\n\t\t\t\t<\/div>\n\t\t\t\t<div class=\"elementor-element elementor-element-3334c56b elementor-widget elementor-widget-text-editor\" data-id=\"3334c56b\" data-element_type=\"widget\" data-e-type=\"widget\" data-widget_type=\"text-editor.default\">\n\t\t\t\t<div class=\"elementor-widget-container\">\n\t\t\t\t\t\t\t\t\t<p>If a surgical intervention is still necessary, we work closely with renowned colleagues and specialists to provide our patients with the best possible care. Our interdisciplinary collaboration ensures that each patient receives individualized and comprehensive treatment.<\/p>\t\t\t\t\t\t\t\t<\/div>\n\t\t\t\t<\/div>\n\t\t\t\t<div class=\"elementor-element elementor-element-38770c37 elementor-widget elementor-widget-text-editor\" data-id=\"38770c37\" data-element_type=\"widget\" data-e-type=\"widget\" data-widget_type=\"text-editor.default\">\n\t\t\t\t<div class=\"elementor-widget-container\">\n\t\t\t\t\t\t\t\t\t<p>At the Prof. Dr. Citak Back Center Hamburg, you are at the center of our focus. With our experienced team of experts, led by Prof. Dr. med. Musa Citak, we offer holistic and patient-oriented treatment for spinal injuries or fractures. Schedule an appointment today to learn more about our treatment methods and how we can help you become pain-free again.<\/p>\t\t\t\t\t\t\t\t<\/div>\n\t\t\t\t<\/div>\n\t\t\t\t\t<\/div>\n\t\t\t\t<\/div>\n\t\t<div class=\"elementor-element elementor-element-12cdc52f rn-section-gap h-consulting elementor-hidden-desktop elementor-hidden-tablet elementor-hidden-mobile e-flex e-con-boxed e-con e-parent\" data-id=\"12cdc52f\" data-element_type=\"container\" data-e-type=\"container\" data-settings=\"{&quot;background_background&quot;:&quot;classic&quot;}\">\n\t\t\t\t\t<div class=\"e-con-inner\">\n\t\t<div class=\"elementor-element elementor-element-12ecbb50 e-con-full e-flex e-con e-child\" data-id=\"12ecbb50\" data-element_type=\"container\" data-e-type=\"container\" data-settings=\"{&quot;background_background&quot;:&quot;classic&quot;}\">\n\t\t\t\t<div class=\"elementor-element elementor-element-1cec1ba6 display-1 elementor-widget elementor-widget-imroz-section-title\" data-id=\"1cec1ba6\" data-element_type=\"widget\" data-e-type=\"widget\" data-widget_type=\"imroz-section-title.default\">\n\t\t\t\t<div class=\"elementor-widget-container\">\n\t\t\t\t\t        <div class=\"section-title mb--20 mb_sm--0 text-left\">\r\n                                    <h2 class=\"title rbt-section-title\"><span>Learn more<\/span><\/h2>                            <\/div>\r\n        \t\t\t\t<\/div>\n\t\t\t\t<\/div>\n\t\t\t\t<div class=\"elementor-element elementor-element-277f0772 pb--20 elementor-widget elementor-widget-text-editor\" data-id=\"277f0772\" data-element_type=\"widget\" data-e-type=\"widget\" data-widget_type=\"text-editor.default\">\n\t\t\t\t<div class=\"elementor-widget-container\">\n\t\t\t\t\t\t\t\t\tOur brochure offers valuable tips and information.\t\t\t\t\t\t\t\t<\/div>\n\t\t\t\t<\/div>\n\t\t\t\t<div class=\"elementor-element elementor-element-75c816a2 elementor-widget elementor-widget-imroz-button\" data-id=\"75c816a2\" data-element_type=\"widget\" data-e-type=\"widget\" data-widget_type=\"imroz-button.default\">\n\t\t\t\t<div class=\"elementor-widget-container\">\n\t\t\t\t\t                    <div class=\"\">\r\n                <a href=\"https:\/\/laserrobotarm.com\/wp-content\/uploads\/2026\/02\/LRA_Brochure_EN.pdf\" target=\"_blank\" class=\"rbt-button  rn-button-style--2 btn_solid btn-large btn-theme\"><span class=\"button-text\">Download brochure<\/span><\/a>            <\/div>\r\n                \t\t\t\t<\/div>\n\t\t\t\t<\/div>\n\t\t\t\t<\/div>\n\t\t<div class=\"elementor-element elementor-element-3a74844f e-con-full e-flex e-con e-child\" data-id=\"3a74844f\" data-element_type=\"container\" data-e-type=\"container\">\n\t\t\t\t<\/div>\n\t\t\t\t\t<\/div>\n\t\t\t\t<\/div>\n\t\t\t\t<\/div>","protected":false},"excerpt":{"rendered":"<p>Atlas-R\u00fcckenzentrum Hamburg Ihr Spezialist f\u00fcr Schmerzen in der Wirbels\u00e4ule Innovative und schonende Behandlungen f\u00fcr Ihre Wirbels\u00e4ule Die Wirbels\u00e4ule, unser K\u00f6rperst\u00fctzpfeiler, ist anf\u00e4llig f\u00fcr eine Reihe von Verletzungen und Frakturen, die durch Unf\u00e4lle, \u00dcberbelastung oder degenerative Erkrankungen verursacht werden k\u00f6nnen. Zu den h\u00e4ufigsten Beschwerden z\u00e4hlen Bandscheibenvorf\u00e4lle, Wirbelk\u00f6rperbr\u00fcche, Verschlei\u00dferkrankungen wie Osteoporose, sowie Verletzungen der B\u00e4nder und Muskeln rund um die Wirbels\u00e4ule. Innovative regenerative Therapien zur Linderung der Schmerzen und Heilung der Wirbels\u00e4ule Im Atlas-R\u00fcckenzentrum Hamburg unter der Leitung von Prof. Dr. med. [&hellip;]<\/p>\n","protected":false},"author":1,"featured_media":0,"parent":0,"menu_order":0,"comment_status":"closed","ping_status":"closed","template":"elementor_header_footer","meta":{"_acf_changed":false,"footnotes":""},"class_list":["post-2673","page","type-page","status-publish","hentry"],"acf":[],"_links":{"self":[{"href":"https:\/\/laserrobotarm.com\/en\/wp-json\/wp\/v2\/pages\/2673","targetHints":{"allow":["GET"]}}],"collection":[{"href":"https:\/\/laserrobotarm.com\/en\/wp-json\/wp\/v2\/pages"}],"about":[{"href":"https:\/\/laserrobotarm.com\/en\/wp-json\/wp\/v2\/types\/page"}],"author":[{"embeddable":true,"href":"https:\/\/laserrobotarm.com\/en\/wp-json\/wp\/v2\/users\/1"}],"replies":[{"embeddable":true,"href":"https:\/\/laserrobotarm.com\/en\/wp-json\/wp\/v2\/comments?post=2673"}],"version-history":[{"count":12,"href":"https:\/\/laserrobotarm.com\/en\/wp-json\/wp\/v2\/pages\/2673\/revisions"}],"predecessor-version":[{"id":3181,"href":"https:\/\/laserrobotarm.com\/en\/wp-json\/wp\/v2\/pages\/2673\/revisions\/3181"}],"wp:attachment":[{"href":"https:\/\/laserrobotarm.com\/en\/wp-json\/wp\/v2\/media?parent=2673"}],"curies":[{"name":"wp","href":"https:\/\/api.w.org\/{rel}","templated":true}]}}