{"id":2686,"date":"2025-10-31T12:08:32","date_gmt":"2025-10-31T11:08:32","guid":{"rendered":"https:\/\/laserrobotarm.com\/?page_id=2686"},"modified":"2025-11-21T08:57:10","modified_gmt":"2025-11-21T07:57:10","slug":"degenerative-erkrankungen","status":"publish","type":"page","link":"https:\/\/laserrobotarm.com\/en\/degenerative-erkrankungen\/","title":{"rendered":"Degenerative diseases"},"content":{"rendered":"<div data-elementor-type=\"wp-page\" data-elementor-id=\"2686\" class=\"elementor elementor-2686\">\n\t\t\t\t<div class=\"elementor-element elementor-element-3f4f4a3 e-flex e-con-boxed e-con e-parent\" data-id=\"3f4f4a3\" data-element_type=\"container\" data-e-type=\"container\" data-settings=\"{&quot;background_background&quot;:&quot;classic&quot;}\">\n\t\t\t\t\t<div class=\"e-con-inner\">\n\t\t\t\t<div class=\"elementor-element elementor-element-3a3009de h-header elementor-widget elementor-widget-imroz-section-title\" data-id=\"3a3009de\" data-element_type=\"widget\" data-e-type=\"widget\" data-widget_type=\"imroz-section-title.default\">\n\t\t\t\t<div class=\"elementor-widget-container\">\n\t\t\t\t\t        <div class=\"section-title mb--20 mb_sm--0 text-left\">\r\n                                        <span class=\"sub-title\">Degenerative disorders of the musculoskeletal system<\/span>\r\n                        <h2 class=\"title rbt-section-title\"><span>Regenerative medicine as a key to relief and improvement<\/span><\/h2>                            <\/div>\r\n        \t\t\t\t<\/div>\n\t\t\t\t<\/div>\n\t\t\t\t\t<\/div>\n\t\t\t\t<\/div>\n\t\t<div class=\"elementor-element elementor-element-c7b1c2d rn-section-gap overflow-hidden e-flex e-con-boxed e-con e-parent\" data-id=\"c7b1c2d\" data-element_type=\"container\" data-e-type=\"container\">\n\t\t\t\t\t<div class=\"e-con-inner\">\n\t\t<div class=\"elementor-element elementor-element-6c9ea0ea e-con-full pb--40 e-flex e-con e-child\" data-id=\"6c9ea0ea\" data-element_type=\"container\" data-e-type=\"container\">\n\t\t\t\t<div class=\"elementor-element elementor-element-596e4f1d image-stack elementor-widget elementor-widget-image\" data-id=\"596e4f1d\" data-element_type=\"widget\" data-e-type=\"widget\" data-widget_type=\"image.default\">\n\t\t\t\t<div class=\"elementor-widget-container\">\n\t\t\t\t\t\t\t\t\t\t\t\t\t\t\t<img fetchpriority=\"high\" decoding=\"async\" width=\"610\" height=\"425\" src=\"https:\/\/laserrobotarm.com\/wp-content\/uploads\/2025\/10\/Degenerative-Erkrankungen-Uebersicht-Citak-Gesundheitszentrum-Hamburg.jpg\" class=\"attachment-large size-large wp-image-2615\" alt=\"\" srcset=\"https:\/\/laserrobotarm.com\/wp-content\/uploads\/2025\/10\/Degenerative-Erkrankungen-Uebersicht-Citak-Gesundheitszentrum-Hamburg.jpg 610w, https:\/\/laserrobotarm.com\/wp-content\/uploads\/2025\/10\/Degenerative-Erkrankungen-Uebersicht-Citak-Gesundheitszentrum-Hamburg-300x209.jpg 300w, https:\/\/laserrobotarm.com\/wp-content\/uploads\/2025\/10\/Degenerative-Erkrankungen-Uebersicht-Citak-Gesundheitszentrum-Hamburg-18x12.jpg 18w\" sizes=\"(max-width: 610px) 100vw, 610px\" \/>\t\t\t\t\t\t\t\t\t\t\t\t\t\t\t<\/div>\n\t\t\t\t<\/div>\n\t\t\t\t<\/div>\n\t\t<div class=\"elementor-element elementor-element-47f07d10 e-con-full pb--40 e-flex e-con e-child\" data-id=\"47f07d10\" data-element_type=\"container\" data-e-type=\"container\">\n\t\t\t\t<div class=\"elementor-element elementor-element-72d4a316 elementor-widget elementor-widget-text-editor\" data-id=\"72d4a316\" data-element_type=\"widget\" data-e-type=\"widget\" data-widget_type=\"text-editor.default\">\n\t\t\t\t<div class=\"elementor-widget-container\">\n\t\t\t\t\t\t\t\t\t<p>Degenerative disorders of the musculoskeletal system and spine, such as osteoarthritis, osteoporosis, and degenerative disc diseases, are widespread conditions that can lead to pain, stiffness, and limited mobility. These disorders often arise from age-related wear, overuse, inflammation, or genetic factors. The deterioration of joints, discs, and bones causes pain and functional impairments that can significantly affect quality of life.<\/p>\t\t\t\t\t\t\t\t<\/div>\n\t\t\t\t<\/div>\n\t\t\t\t<\/div>\n\t\t\t\t\t<\/div>\n\t\t\t\t<\/div>\n\t\t<div class=\"elementor-element elementor-element-164e6cdb rn-section-gap bg_fixed e-flex e-con-boxed e-con e-parent\" data-id=\"164e6cdb\" data-element_type=\"container\" data-e-type=\"container\" data-settings=\"{&quot;background_background&quot;:&quot;classic&quot;}\">\n\t\t\t\t\t<div class=\"e-con-inner\">\n\t\t<div class=\"elementor-element elementor-element-76f2f2f3 e-con-full e-flex e-con e-child\" data-id=\"76f2f2f3\" data-element_type=\"container\" data-e-type=\"container\" data-settings=\"{&quot;background_background&quot;:&quot;classic&quot;}\">\n\t\t\t\t<div class=\"elementor-element elementor-element-4dd595dd elementor-view-default elementor-widget elementor-widget-icon\" data-id=\"4dd595dd\" data-element_type=\"widget\" data-e-type=\"widget\" data-widget_type=\"icon.default\">\n\t\t\t\t<div class=\"elementor-widget-container\">\n\t\t\t\t\t\t\t<div class=\"elementor-icon-wrapper\">\n\t\t\t<div class=\"elementor-icon\">\n\t\t\t<i aria-hidden=\"true\" class=\"rbt feather-triangle\"><\/i>\t\t\t<\/div>\n\t\t<\/div>\n\t\t\t\t\t\t<\/div>\n\t\t\t\t<\/div>\n\t\t\t\t<div class=\"elementor-element elementor-element-90608c6 elementor-widget elementor-widget-imroz-section-title\" data-id=\"90608c6\" data-element_type=\"widget\" data-e-type=\"widget\" data-widget_type=\"imroz-section-title.default\">\n\t\t\t\t<div class=\"elementor-widget-container\">\n\t\t\t\t\t        <div class=\"section-title mb--20 mb_sm--0 text-left\">\r\n                                    <h2 class=\"title rbt-section-title\"><span>Degenerative disorders: Causes and development<\/span><\/h2>                            <p>Degenerative disorders often develop gradually and result from a long-term wear process. Factors such as an unbalanced diet, lack of exercise, excess weight, and genetic predisposition can increase the risk of these conditions. Commonly affected areas include the spine, knee, hip, and shoulder joints, as well as the small joints of the hands and feet. It is important to take preventive measures early and seek medical advice at the first signs of problems.<\/p>\r\n                            <\/div>\r\n        \t\t\t\t<\/div>\n\t\t\t\t<\/div>\n\t\t\t\t<\/div>\n\t\t\t\t\t<\/div>\n\t\t\t\t<\/div>\n\t\t<div class=\"elementor-element elementor-element-4e9e1528 rn-section-gap bg_color--5 e-flex e-con-boxed e-con e-parent\" data-id=\"4e9e1528\" data-element_type=\"container\" data-e-type=\"container\">\n\t\t\t\t\t<div class=\"e-con-inner\">\n\t\t\t\t<div class=\"elementor-element elementor-element-12c3f76 elementor-widget elementor-widget-imroz-section-title\" data-id=\"12c3f76\" data-element_type=\"widget\" data-e-type=\"widget\" data-widget_type=\"imroz-section-title.default\">\n\t\t\t\t<div class=\"elementor-widget-container\">\n\t\t\t\t\t        <div class=\"section-title mb--20 mb_sm--0 text-left\">\r\n                                    <h2 class=\"title rbt-section-title\"><span>Regenerative medicine \u2013 A new approach in treatment<\/span><\/h2>                            <\/div>\r\n        \t\t\t\t<\/div>\n\t\t\t\t<\/div>\n\t\t\t\t<div class=\"elementor-element elementor-element-5f9d21ab elementor-widget elementor-widget-text-editor\" data-id=\"5f9d21ab\" data-element_type=\"widget\" data-e-type=\"widget\" data-widget_type=\"text-editor.default\">\n\t\t\t\t<div class=\"elementor-widget-container\">\n\t\t\t\t\t\t\t\t\t<p>At the Professor Citak Health Center, we focus on regenerative medicine to treat degenerative disorders of the musculoskeletal system. Our innovative therapies, such as ESWT (Extracorporeal Shock Wave Therapy), EMTT (Extracorporeal Magnetotransduction Therapy), and IHHT (Interval\/Intermittent Hypoxia-Hyperoxia Therapy), aim to activate and support the body\u2019s natural healing processes. These treatments help relieve pain, improve the function of affected areas, and increase mobility.<\/p>\t\t\t\t\t\t\t\t<\/div>\n\t\t\t\t<\/div>\n\t\t\t\t<div class=\"elementor-element elementor-element-7f21e314 elementor-widget elementor-widget-text-editor\" data-id=\"7f21e314\" data-element_type=\"widget\" data-e-type=\"widget\" data-widget_type=\"text-editor.default\">\n\t\t\t\t<div class=\"elementor-widget-container\">\n\t\t\t\t\t\t\t\t\t<p>In addition, physiotherapy, nutritional counseling, and lifestyle changes play an important role in our holistic treatment concept. Physiotherapy helps improve mobility and strength, while a balanced diet and healthy lifestyle can contribute to the prevention and alleviation of degenerative disorders.<\/p>\t\t\t\t\t\t\t\t<\/div>\n\t\t\t\t<\/div>\n\t\t\t\t<div class=\"elementor-element elementor-element-7d946901 elementor-widget elementor-widget-text-editor\" data-id=\"7d946901\" data-element_type=\"widget\" data-e-type=\"widget\" data-widget_type=\"text-editor.default\">\n\t\t\t\t<div class=\"elementor-widget-container\">\n\t\t\t\t\t\t\t\t\t<p>At the Professor Citak Health Center, we combine the latest medical technologies with personalized care to provide our patients with the best possible treatment. Our goal is not only to address symptoms but also to tackle the underlying causes of conditions, achieving long-term improvements in health and quality of life.<\/p>\t\t\t\t\t\t\t\t<\/div>\n\t\t\t\t<\/div>\n\t\t\t\t\t<\/div>\n\t\t\t\t<\/div>\n\t\t<div class=\"elementor-element elementor-element-3d518097 rn-section-gap h-consulting elementor-hidden-desktop elementor-hidden-tablet elementor-hidden-mobile e-flex e-con-boxed e-con e-parent\" data-id=\"3d518097\" data-element_type=\"container\" data-e-type=\"container\" data-settings=\"{&quot;background_background&quot;:&quot;classic&quot;}\">\n\t\t\t\t\t<div class=\"e-con-inner\">\n\t\t<div class=\"elementor-element elementor-element-53e50d3 e-con-full e-flex e-con e-child\" data-id=\"53e50d3\" data-element_type=\"container\" data-e-type=\"container\" data-settings=\"{&quot;background_background&quot;:&quot;classic&quot;}\">\n\t\t\t\t<div class=\"elementor-element elementor-element-5388d6a3 display-1 elementor-widget elementor-widget-imroz-section-title\" data-id=\"5388d6a3\" data-element_type=\"widget\" data-e-type=\"widget\" data-widget_type=\"imroz-section-title.default\">\n\t\t\t\t<div class=\"elementor-widget-container\">\n\t\t\t\t\t        <div class=\"section-title mb--20 mb_sm--0 text-left\">\r\n                                    <h2 class=\"title rbt-section-title\"><span>Learn more<\/span><\/h2>                            <\/div>\r\n        \t\t\t\t<\/div>\n\t\t\t\t<\/div>\n\t\t\t\t<div class=\"elementor-element elementor-element-53498787 pb--20 elementor-widget elementor-widget-text-editor\" data-id=\"53498787\" data-element_type=\"widget\" data-e-type=\"widget\" data-widget_type=\"text-editor.default\">\n\t\t\t\t<div class=\"elementor-widget-container\">\n\t\t\t\t\t\t\t\t\tOur brochure offers valuable tips and information.\t\t\t\t\t\t\t\t<\/div>\n\t\t\t\t<\/div>\n\t\t\t\t<div class=\"elementor-element elementor-element-672b9c41 elementor-widget elementor-widget-imroz-button\" data-id=\"672b9c41\" data-element_type=\"widget\" data-e-type=\"widget\" data-widget_type=\"imroz-button.default\">\n\t\t\t\t<div class=\"elementor-widget-container\">\n\t\t\t\t\t                    <div class=\"\">\r\n                <a href=\"https:\/\/laserrobotarm.com\/wp-content\/uploads\/2025\/01\/Patientenbroschuere.pdf\" target=\"_blank\" class=\"rbt-button  rn-button-style--2 btn_solid btn-large btn-theme\"><span class=\"button-text\">Download brochure<\/span><\/a>            <\/div>\r\n                \t\t\t\t<\/div>\n\t\t\t\t<\/div>\n\t\t\t\t<\/div>\n\t\t<div class=\"elementor-element elementor-element-21edec3f e-con-full e-flex e-con e-child\" data-id=\"21edec3f\" data-element_type=\"container\" data-e-type=\"container\">\n\t\t\t\t<\/div>\n\t\t\t\t\t<\/div>\n\t\t\t\t<\/div>\n\t\t\t\t<\/div>","protected":false},"excerpt":{"rendered":"<p>Degenerative Erkrankungen des Bewegungsapparates Regenerative Medizin als Schl\u00fcssel zur Linderung und Verbesserung Degenerative Erkrankungen des Bewegungsapparates und der Wirbels\u00e4ule, wie Arthrose, Osteoporose und degenerative Bandscheibenerkrankungen, sind weit verbreitete Leiden, die zu Schmerzen, Steifigkeit und Bewegungseinschr\u00e4nkungen f\u00fchren k\u00f6nnen. Diese Erkrankungen entstehen h\u00e4ufig durch altersbedingten Verschlei\u00df, \u00dcberbelastung, Entz\u00fcndungen oder genetische Faktoren. Die Abnutzung von Gelenken, Bandscheiben und Knochen f\u00fchrt zu Schmerzen und Funktionsst\u00f6rungen, die die Lebensqualit\u00e4t erheblich beeintr\u00e4chtigen k\u00f6nnen. Degenerative Erkrankungen: Ursachen und Entstehung Degenerative Erkrankungen entwickeln sich oft schleichend und sind [&hellip;]<\/p>\n","protected":false},"author":1,"featured_media":0,"parent":0,"menu_order":0,"comment_status":"closed","ping_status":"closed","template":"elementor_header_footer","meta":{"_acf_changed":false,"footnotes":""},"class_list":["post-2686","page","type-page","status-publish","hentry"],"acf":[],"_links":{"self":[{"href":"https:\/\/laserrobotarm.com\/en\/wp-json\/wp\/v2\/pages\/2686","targetHints":{"allow":["GET"]}}],"collection":[{"href":"https:\/\/laserrobotarm.com\/en\/wp-json\/wp\/v2\/pages"}],"about":[{"href":"https:\/\/laserrobotarm.com\/en\/wp-json\/wp\/v2\/types\/page"}],"author":[{"embeddable":true,"href":"https:\/\/laserrobotarm.com\/en\/wp-json\/wp\/v2\/users\/1"}],"replies":[{"embeddable":true,"href":"https:\/\/laserrobotarm.com\/en\/wp-json\/wp\/v2\/comments?post=2686"}],"version-history":[{"count":8,"href":"https:\/\/laserrobotarm.com\/en\/wp-json\/wp\/v2\/pages\/2686\/revisions"}],"predecessor-version":[{"id":2975,"href":"https:\/\/laserrobotarm.com\/en\/wp-json\/wp\/v2\/pages\/2686\/revisions\/2975"}],"wp:attachment":[{"href":"https:\/\/laserrobotarm.com\/en\/wp-json\/wp\/v2\/media?parent=2686"}],"curies":[{"name":"wp","href":"https:\/\/api.w.org\/{rel}","templated":true}]}}