{"id":2692,"date":"2025-10-31T12:09:44","date_gmt":"2025-10-31T11:09:44","guid":{"rendered":"https:\/\/laserrobotarm.com\/?page_id=2692"},"modified":"2025-11-21T08:56:59","modified_gmt":"2025-11-21T07:56:59","slug":"bandscheibenvorfall","status":"publish","type":"page","link":"https:\/\/laserrobotarm.com\/en\/bandscheibenvorfall\/","title":{"rendered":"Herniated disc"},"content":{"rendered":"<div data-elementor-type=\"wp-page\" data-elementor-id=\"2692\" class=\"elementor elementor-2692\">\n\t\t\t\t<div class=\"elementor-element elementor-element-1e74d115 e-flex e-con-boxed e-con e-parent\" data-id=\"1e74d115\" data-element_type=\"container\" data-e-type=\"container\" data-settings=\"{&quot;background_background&quot;:&quot;classic&quot;}\">\n\t\t\t\t\t<div class=\"e-con-inner\">\n\t\t\t\t<div class=\"elementor-element elementor-element-287617ed h-header elementor-widget elementor-widget-imroz-section-title\" data-id=\"287617ed\" data-element_type=\"widget\" data-e-type=\"widget\" data-widget_type=\"imroz-section-title.default\">\n\t\t\t\t<div class=\"elementor-widget-container\">\n\t\t\t\t\t        <div class=\"section-title mb--20 mb_sm--0 text-left\">\r\n                                        <span class=\"sub-title\">Herniated disc<\/span>\r\n                        <h2 class=\"title rbt-section-title\"><span>Specialty at the Back Center Hamburg<\/span><\/h2>                            <p>Innovative treatment concepts for effective relief<\/p>\r\n                            <\/div>\r\n        \t\t\t\t<\/div>\n\t\t\t\t<\/div>\n\t\t\t\t\t<\/div>\n\t\t\t\t<\/div>\n\t\t<div class=\"elementor-element elementor-element-3f731d6d rn-section-gap overflow-hidden e-flex e-con-boxed e-con e-parent\" data-id=\"3f731d6d\" data-element_type=\"container\" data-e-type=\"container\">\n\t\t\t\t\t<div class=\"e-con-inner\">\n\t\t<div class=\"elementor-element elementor-element-135a11a8 e-con-full pb--40 e-flex e-con e-child\" data-id=\"135a11a8\" data-element_type=\"container\" data-e-type=\"container\">\n\t\t\t\t<div class=\"elementor-element elementor-element-64726c77 image-stack elementor-widget elementor-widget-image\" data-id=\"64726c77\" data-element_type=\"widget\" data-e-type=\"widget\" data-widget_type=\"image.default\">\n\t\t\t\t<div class=\"elementor-widget-container\">\n\t\t\t\t\t\t\t\t\t\t\t\t\t\t\t<img fetchpriority=\"high\" decoding=\"async\" width=\"580\" height=\"580\" src=\"https:\/\/laserrobotarm.com\/wp-content\/uploads\/2025\/10\/Sportorthopaedie-Behandlung-Citak-Gesundheitszentrum-Hamburg.jpg\" class=\"attachment-large size-large wp-image-2619\" alt=\"\" srcset=\"https:\/\/laserrobotarm.com\/wp-content\/uploads\/2025\/10\/Sportorthopaedie-Behandlung-Citak-Gesundheitszentrum-Hamburg.jpg 580w, https:\/\/laserrobotarm.com\/wp-content\/uploads\/2025\/10\/Sportorthopaedie-Behandlung-Citak-Gesundheitszentrum-Hamburg-300x300.jpg 300w, https:\/\/laserrobotarm.com\/wp-content\/uploads\/2025\/10\/Sportorthopaedie-Behandlung-Citak-Gesundheitszentrum-Hamburg-150x150.jpg 150w, https:\/\/laserrobotarm.com\/wp-content\/uploads\/2025\/10\/Sportorthopaedie-Behandlung-Citak-Gesundheitszentrum-Hamburg-12x12.jpg 12w\" sizes=\"(max-width: 580px) 100vw, 580px\" \/>\t\t\t\t\t\t\t\t\t\t\t\t\t\t\t<\/div>\n\t\t\t\t<\/div>\n\t\t\t\t<\/div>\n\t\t<div class=\"elementor-element elementor-element-5d40a73d e-con-full pb--40 e-flex e-con e-child\" data-id=\"5d40a73d\" data-element_type=\"container\" data-e-type=\"container\">\n\t\t\t\t<div class=\"elementor-element elementor-element-26cf2d46 elementor-widget elementor-widget-text-editor\" data-id=\"26cf2d46\" data-element_type=\"widget\" data-e-type=\"widget\" data-widget_type=\"text-editor.default\">\n\t\t\t\t<div class=\"elementor-widget-container\">\n\t\t\t\t\t\t\t\t\t<p>A herniated disc, also known as a disc prolapse or commonly as a slipped disc, is a common cause of back pain and can lead to significant impairments. A herniated disc occurs when the soft tissue (nucleus pulposus) inside a disc protrudes through a tear in the outer fiber (annulus fibrosus). This can put pressure on the surrounding nerve roots, causing pain, numbness, or weakness in the extremities.<\/p>\t\t\t\t\t\t\t\t<\/div>\n\t\t\t\t<\/div>\n\t\t\t\t<\/div>\n\t\t\t\t\t<\/div>\n\t\t\t\t<\/div>\n\t\t<div class=\"elementor-element elementor-element-3b3cfabf rn-section-gap bg_fixed e-flex e-con-boxed e-con e-parent\" data-id=\"3b3cfabf\" data-element_type=\"container\" data-e-type=\"container\" data-settings=\"{&quot;background_background&quot;:&quot;classic&quot;}\">\n\t\t\t\t\t<div class=\"e-con-inner\">\n\t\t<div class=\"elementor-element elementor-element-4096354a e-con-full e-flex e-con e-child\" data-id=\"4096354a\" data-element_type=\"container\" data-e-type=\"container\" data-settings=\"{&quot;background_background&quot;:&quot;classic&quot;}\">\n\t\t\t\t<div class=\"elementor-element elementor-element-3a03c3a5 elementor-view-default elementor-widget elementor-widget-icon\" data-id=\"3a03c3a5\" data-element_type=\"widget\" data-e-type=\"widget\" data-widget_type=\"icon.default\">\n\t\t\t\t<div class=\"elementor-widget-container\">\n\t\t\t\t\t\t\t<div class=\"elementor-icon-wrapper\">\n\t\t\t<div class=\"elementor-icon\">\n\t\t\t<i aria-hidden=\"true\" class=\"rbt feather-triangle\"><\/i>\t\t\t<\/div>\n\t\t<\/div>\n\t\t\t\t\t\t<\/div>\n\t\t\t\t<\/div>\n\t\t\t\t<div class=\"elementor-element elementor-element-49877acc elementor-widget elementor-widget-imroz-section-title\" data-id=\"49877acc\" data-element_type=\"widget\" data-e-type=\"widget\" data-widget_type=\"imroz-section-title.default\">\n\t\t\t\t<div class=\"elementor-widget-container\">\n\t\t\t\t\t        <div class=\"section-title mb--20 mb_sm--0 text-left\">\r\n                                    <h2 class=\"title rbt-section-title\"><span>Causes and immediate relief for an acute herniated disc<\/span><\/h2>                            <p>The causes of a herniated disc are varied and can range from age-related wear and tear to injuries or sudden strain. Excess weight, lack of physical activity, and poor posture can also increase the risk. In the case of an acute herniated disc, affected individuals should remain calm, adopt a pain-relieving position, and consider anti-inflammatory medication. It is important to seek medical attention as soon as possible to obtain an accurate diagnosis and appropriate treatment.<\/p>\r\n                            <\/div>\r\n        \t\t\t\t<\/div>\n\t\t\t\t<\/div>\n\t\t\t\t<\/div>\n\t\t\t\t\t<\/div>\n\t\t\t\t<\/div>\n\t\t<div class=\"elementor-element elementor-element-2d713233 rn-section-gap e-flex e-con-boxed e-con e-parent\" data-id=\"2d713233\" data-element_type=\"container\" data-e-type=\"container\">\n\t\t\t\t\t<div class=\"e-con-inner\">\n\t\t\t\t<div class=\"elementor-element elementor-element-79ae6c5b elementor-widget elementor-widget-imroz-section-title\" data-id=\"79ae6c5b\" data-element_type=\"widget\" data-e-type=\"widget\" data-widget_type=\"imroz-section-title.default\">\n\t\t\t\t<div class=\"elementor-widget-container\">\n\t\t\t\t\t        <div class=\"section-title mb--20 mb_sm--0 text-left\">\r\n                                    <h2 class=\"title rbt-section-title\"><span>Treatment options and Prof. Citak\u2019s therapy concepts<\/span><\/h2>                            <\/div>\r\n        \t\t\t\t<\/div>\n\t\t\t\t<\/div>\n\t\t\t\t<div class=\"elementor-element elementor-element-7ff634b4 elementor-widget elementor-widget-text-editor\" data-id=\"7ff634b4\" data-element_type=\"widget\" data-e-type=\"widget\" data-widget_type=\"text-editor.default\">\n\t\t\t\t<div class=\"elementor-widget-container\">\n\t\t\t\t\t\t\t\t\t<p>At the Back Center Hamburg, under the leadership of Prof. Dr. med. Musa Citak, we offer a range of treatment options for patients with a herniated disc. These range from conservative approaches such as physiotherapy, pain management, and targeted exercises to minimally invasive procedures and surgical interventions, if necessary.<\/p>\t\t\t\t\t\t\t\t<\/div>\n\t\t\t\t<\/div>\n\t\t\t\t<div class=\"elementor-element elementor-element-169e9d1e elementor-widget elementor-widget-text-editor\" data-id=\"169e9d1e\" data-element_type=\"widget\" data-e-type=\"widget\" data-widget_type=\"text-editor.default\">\n\t\t\t\t<div class=\"elementor-widget-container\">\n\t\t\t\t\t\t\t\t\t<p>Prof. Citak has developed specialized and highly successful therapy concepts tailored to the individual needs of each patient. These concepts integrate the latest medical technologies and treatment methods to achieve optimal pain relief and functional restoration.<\/p>\t\t\t\t\t\t\t\t<\/div>\n\t\t\t\t<\/div>\n\t\t\t\t<div class=\"elementor-element elementor-element-41907131 elementor-widget elementor-widget-text-editor\" data-id=\"41907131\" data-element_type=\"widget\" data-e-type=\"widget\" data-widget_type=\"text-editor.default\">\n\t\t\t\t<div class=\"elementor-widget-container\">\n\t\t\t\t\t\t\t\t\t<p>The goal at the Back Center Hamburg is to provide each patient with comprehensive and effective treatment that not only relieves symptoms but also addresses the causes of the herniated disc. We employ a holistic approach that considers both the physical and mental health of our patients. By combining proven and innovative therapies, we aim to promote rapid recovery and provide long-term solutions for back problems.<\/p>\t\t\t\t\t\t\t\t<\/div>\n\t\t\t\t<\/div>\n\t\t\t\t\t<\/div>\n\t\t\t\t<\/div>\n\t\t<div class=\"elementor-element elementor-element-5b5a7274 rn-section-gap h-consulting elementor-hidden-desktop elementor-hidden-tablet elementor-hidden-mobile e-flex e-con-boxed e-con e-parent\" data-id=\"5b5a7274\" data-element_type=\"container\" data-e-type=\"container\" data-settings=\"{&quot;background_background&quot;:&quot;classic&quot;}\">\n\t\t\t\t\t<div class=\"e-con-inner\">\n\t\t<div class=\"elementor-element elementor-element-5d2605c4 e-con-full e-flex e-con e-child\" data-id=\"5d2605c4\" data-element_type=\"container\" data-e-type=\"container\" data-settings=\"{&quot;background_background&quot;:&quot;classic&quot;}\">\n\t\t\t\t<div class=\"elementor-element elementor-element-36907926 display-1 elementor-widget elementor-widget-imroz-section-title\" data-id=\"36907926\" data-element_type=\"widget\" data-e-type=\"widget\" data-widget_type=\"imroz-section-title.default\">\n\t\t\t\t<div class=\"elementor-widget-container\">\n\t\t\t\t\t        <div class=\"section-title mb--20 mb_sm--0 text-left\">\r\n                                    <h2 class=\"title rbt-section-title\"><span>Learn more<\/span><\/h2>                            <\/div>\r\n        \t\t\t\t<\/div>\n\t\t\t\t<\/div>\n\t\t\t\t<div class=\"elementor-element elementor-element-4e286d13 pb--20 elementor-widget elementor-widget-text-editor\" data-id=\"4e286d13\" data-element_type=\"widget\" data-e-type=\"widget\" data-widget_type=\"text-editor.default\">\n\t\t\t\t<div class=\"elementor-widget-container\">\n\t\t\t\t\t\t\t\t\tOur brochure offers valuable tips and information.\t\t\t\t\t\t\t\t<\/div>\n\t\t\t\t<\/div>\n\t\t\t\t<div class=\"elementor-element elementor-element-1e911dfd elementor-widget elementor-widget-imroz-button\" data-id=\"1e911dfd\" data-element_type=\"widget\" data-e-type=\"widget\" data-widget_type=\"imroz-button.default\">\n\t\t\t\t<div class=\"elementor-widget-container\">\n\t\t\t\t\t                    <div class=\"\">\r\n                <a href=\"https:\/\/laserrobotarm.com\/wp-content\/uploads\/2025\/01\/Patientenbroschuere.pdf\" target=\"_blank\" class=\"rbt-button  rn-button-style--2 btn_solid btn-large btn-theme\"><span class=\"button-text\">Download brochure<\/span><\/a>            <\/div>\r\n                \t\t\t\t<\/div>\n\t\t\t\t<\/div>\n\t\t\t\t<\/div>\n\t\t<div class=\"elementor-element elementor-element-66148570 e-con-full e-flex e-con e-child\" data-id=\"66148570\" data-element_type=\"container\" data-e-type=\"container\">\n\t\t\t\t<\/div>\n\t\t\t\t\t<\/div>\n\t\t\t\t<\/div>\n\t\t\t\t<\/div>","protected":false},"excerpt":{"rendered":"<p>Bandscheibenvorfall Spezialgebiet im R\u00fcckenzentrum Hamburg Innovative Behandlungskonzepte f\u00fcr effektive Linderung Bandscheibenvorfall, auch bekannt als Diskusprolaps oder umgangssprachlich als Hexenschuss, ist eine h\u00e4ufige Ursache f\u00fcr R\u00fcckenschmerzen und kann zu erheblichen Beeintr\u00e4chtigungen f\u00fchren. Ein Bandscheibenvorfall tritt auf, wenn das weiche Gewebe (der Nucleus pulposus) im Inneren einer Bandscheibe durch einen Riss in der \u00e4u\u00dferen Faser (dem Anulus fibrosus) austritt. Dies kann Druck auf die umliegenden Nervenwurzeln aus\u00fcben und Schmerzen, Taubheitsgef\u00fchle oder Schw\u00e4che in den Extremit\u00e4ten verursachen. Ursachen und Soforthilfe bei akutem Bandscheibenvorfall [&hellip;]<\/p>\n","protected":false},"author":1,"featured_media":0,"parent":0,"menu_order":0,"comment_status":"closed","ping_status":"closed","template":"elementor_header_footer","meta":{"_acf_changed":false,"footnotes":""},"class_list":["post-2692","page","type-page","status-publish","hentry"],"acf":[],"_links":{"self":[{"href":"https:\/\/laserrobotarm.com\/en\/wp-json\/wp\/v2\/pages\/2692","targetHints":{"allow":["GET"]}}],"collection":[{"href":"https:\/\/laserrobotarm.com\/en\/wp-json\/wp\/v2\/pages"}],"about":[{"href":"https:\/\/laserrobotarm.com\/en\/wp-json\/wp\/v2\/types\/page"}],"author":[{"embeddable":true,"href":"https:\/\/laserrobotarm.com\/en\/wp-json\/wp\/v2\/users\/1"}],"replies":[{"embeddable":true,"href":"https:\/\/laserrobotarm.com\/en\/wp-json\/wp\/v2\/comments?post=2692"}],"version-history":[{"count":8,"href":"https:\/\/laserrobotarm.com\/en\/wp-json\/wp\/v2\/pages\/2692\/revisions"}],"predecessor-version":[{"id":2973,"href":"https:\/\/laserrobotarm.com\/en\/wp-json\/wp\/v2\/pages\/2692\/revisions\/2973"}],"wp:attachment":[{"href":"https:\/\/laserrobotarm.com\/en\/wp-json\/wp\/v2\/media?parent=2692"}],"curies":[{"name":"wp","href":"https:\/\/api.w.org\/{rel}","templated":true}]}}