{"id":2698,"date":"2025-10-31T12:11:42","date_gmt":"2025-10-31T11:11:42","guid":{"rendered":"https:\/\/laserrobotarm.com\/?page_id=2698"},"modified":"2025-11-21T08:57:04","modified_gmt":"2025-11-21T07:57:04","slug":"behandlungskonzepte","status":"publish","type":"page","link":"https:\/\/laserrobotarm.com\/en\/behandlungskonzepte\/","title":{"rendered":"Treatment concepts"},"content":{"rendered":"<div data-elementor-type=\"wp-page\" data-elementor-id=\"2698\" class=\"elementor elementor-2698\">\n\t\t\t\t<div class=\"elementor-element elementor-element-5dd3ce01 e-flex e-con-boxed e-con e-parent\" data-id=\"5dd3ce01\" data-element_type=\"container\" data-e-type=\"container\" data-settings=\"{&quot;background_background&quot;:&quot;classic&quot;}\">\n\t\t\t\t\t<div class=\"e-con-inner\">\n\t\t\t\t<div class=\"elementor-element elementor-element-6e4f472a h-header elementor-widget elementor-widget-imroz-section-title\" data-id=\"6e4f472a\" data-element_type=\"widget\" data-e-type=\"widget\" data-widget_type=\"imroz-section-title.default\">\n\t\t\t\t<div class=\"elementor-widget-container\">\n\t\t\t\t\t        <div class=\"section-title mb--20 mb_sm--0 text-left\">\r\n                                        <span class=\"sub-title\">Prof. Dr. Citak Back Center<\/span>\r\n                        <h2 class=\"title rbt-section-title\"><span>Revolutionary back medicine at the Back Center<\/span><\/h2>                            <p>Innovative treatment concepts for effective relief<\/p>\r\n                            <\/div>\r\n        \t\t\t\t<\/div>\n\t\t\t\t<\/div>\n\t\t\t\t\t<\/div>\n\t\t\t\t<\/div>\n\t\t<div class=\"elementor-element elementor-element-5b6fa09d rn-section-gap overflow-hidden e-flex e-con-boxed e-con e-parent\" data-id=\"5b6fa09d\" data-element_type=\"container\" data-e-type=\"container\" data-settings=\"{&quot;background_background&quot;:&quot;classic&quot;}\">\n\t\t\t\t\t<div class=\"e-con-inner\">\n\t\t<div class=\"elementor-element elementor-element-647a9d40 e-con-full pb--40 e-flex e-con e-child\" data-id=\"647a9d40\" data-element_type=\"container\" data-e-type=\"container\">\n\t\t\t\t<div class=\"elementor-element elementor-element-18e3da93 elementor-widget elementor-widget-text-editor\" data-id=\"18e3da93\" data-element_type=\"widget\" data-e-type=\"widget\" data-widget_type=\"text-editor.default\">\n\t\t\t\t<div class=\"elementor-widget-container\">\n\t\t\t\t\t\t\t\t\tThe Back Center at the Professor Citak Health Center represents a new era in the treatment of back disorders. Under the leadership of Prof. Dr. med. Musa Citak, a renowned expert in this field, we offer patients suffering from chronic back pain and complex spinal problems tailored solutions. With his unique diagnostic and treatment approach, which integrates both manual and technical methods, Prof. Citak sets new standards in back medicine.\t\t\t\t\t\t\t\t<\/div>\n\t\t\t\t<\/div>\n\t\t\t\t<div class=\"elementor-element elementor-element-38699b56 elementor-widget elementor-widget-text-editor\" data-id=\"38699b56\" data-element_type=\"widget\" data-e-type=\"widget\" data-widget_type=\"text-editor.default\">\n\t\t\t\t<div class=\"elementor-widget-container\">\n\t\t\t\t\t\t\t\t\tTreatment at the Back Center is based on a holistic approach that takes individual needs and the specific causes of back problems into account. Thanks to the combination of advanced diagnostic procedures and tailored therapy approaches, we can also help patients for whom previous treatments provided no relief. Our methods aim to address the underlying causes of back pain to promote lasting improvements and long-term health.\t\t\t\t\t\t\t\t<\/div>\n\t\t\t\t<\/div>\n\t\t\t\t<\/div>\n\t\t<div class=\"elementor-element elementor-element-4d1d69cb e-con-full pb--40 e-flex e-con e-child\" data-id=\"4d1d69cb\" data-element_type=\"container\" data-e-type=\"container\">\n\t\t\t\t<div class=\"elementor-element elementor-element-2cb2bd82 bg_circle elementor-widget elementor-widget-image\" data-id=\"2cb2bd82\" data-element_type=\"widget\" data-e-type=\"widget\" data-widget_type=\"image.default\">\n\t\t\t\t<div class=\"elementor-widget-container\">\n\t\t\t\t\t\t\t\t\t\t\t\t\t\t\t<img fetchpriority=\"high\" decoding=\"async\" width=\"580\" height=\"580\" src=\"https:\/\/laserrobotarm.com\/wp-content\/uploads\/2025\/10\/Atlas-Rueckenzentrum-Citak-Gesundheitszentrum-Hamburg.jpg\" class=\"attachment-large size-large wp-image-2612\" alt=\"\" srcset=\"https:\/\/laserrobotarm.com\/wp-content\/uploads\/2025\/10\/Atlas-Rueckenzentrum-Citak-Gesundheitszentrum-Hamburg.jpg 580w, https:\/\/laserrobotarm.com\/wp-content\/uploads\/2025\/10\/Atlas-Rueckenzentrum-Citak-Gesundheitszentrum-Hamburg-300x300.jpg 300w, https:\/\/laserrobotarm.com\/wp-content\/uploads\/2025\/10\/Atlas-Rueckenzentrum-Citak-Gesundheitszentrum-Hamburg-150x150.jpg 150w, https:\/\/laserrobotarm.com\/wp-content\/uploads\/2025\/10\/Atlas-Rueckenzentrum-Citak-Gesundheitszentrum-Hamburg-12x12.jpg 12w\" sizes=\"(max-width: 580px) 100vw, 580px\" \/>\t\t\t\t\t\t\t\t\t\t\t\t\t\t\t<\/div>\n\t\t\t\t<\/div>\n\t\t\t\t<\/div>\n\t\t\t\t\t<\/div>\n\t\t\t\t<\/div>\n\t\t<div class=\"elementor-element elementor-element-3c962729 rn-section-gap bg_color--5 e-flex e-con-boxed e-con e-parent\" data-id=\"3c962729\" data-element_type=\"container\" data-e-type=\"container\" data-settings=\"{&quot;background_background&quot;:&quot;classic&quot;}\">\n\t\t\t\t\t<div class=\"e-con-inner\">\n\t\t<div class=\"elementor-element elementor-element-2929e636 e-con-full image-stack e-flex e-con e-child\" data-id=\"2929e636\" data-element_type=\"container\" data-e-type=\"container\" data-settings=\"{&quot;background_background&quot;:&quot;classic&quot;}\">\n\t\t\t\t<div class=\"elementor-element elementor-element-4f1a7e97 elementor-widget elementor-widget-image\" data-id=\"4f1a7e97\" data-element_type=\"widget\" data-e-type=\"widget\" data-widget_type=\"image.default\">\n\t\t\t\t<div class=\"elementor-widget-container\">\n\t\t\t\t\t\t\t\t\t\t\t\t\t\t\t<img decoding=\"async\" width=\"610\" height=\"425\" src=\"https:\/\/laserrobotarm.com\/wp-content\/uploads\/2025\/10\/Unser-Leitbild-Uebersicht-Citak-Gesundheitszentrum-Hamburg.jpg\" class=\"attachment-large size-large wp-image-2613\" alt=\"\" srcset=\"https:\/\/laserrobotarm.com\/wp-content\/uploads\/2025\/10\/Unser-Leitbild-Uebersicht-Citak-Gesundheitszentrum-Hamburg.jpg 610w, https:\/\/laserrobotarm.com\/wp-content\/uploads\/2025\/10\/Unser-Leitbild-Uebersicht-Citak-Gesundheitszentrum-Hamburg-300x209.jpg 300w, https:\/\/laserrobotarm.com\/wp-content\/uploads\/2025\/10\/Unser-Leitbild-Uebersicht-Citak-Gesundheitszentrum-Hamburg-18x12.jpg 18w\" sizes=\"(max-width: 610px) 100vw, 610px\" \/>\t\t\t\t\t\t\t\t\t\t\t\t\t\t\t<\/div>\n\t\t\t\t<\/div>\n\t\t\t\t<\/div>\n\t\t<div class=\"elementor-element elementor-element-154798d e-con-full pt--40 pb--40 e-flex e-con e-child\" data-id=\"154798d\" data-element_type=\"container\" data-e-type=\"container\">\n\t\t\t\t<div class=\"elementor-element elementor-element-433aa18b elementor-widget elementor-widget-imroz-section-title\" data-id=\"433aa18b\" data-element_type=\"widget\" data-e-type=\"widget\" data-widget_type=\"imroz-section-title.default\">\n\t\t\t\t<div class=\"elementor-widget-container\">\n\t\t\t\t\t        <div class=\"section-title mb--20 mb_sm--0 text-left\">\r\n                                    <h2 class=\"title rbt-section-title\"><span>Spinal Disorders<\/span><\/h2>                            <p>Back pain is a widespread complaint affecting many people.<\/p>\r\n                            <\/div>\r\n        \t\t\t\t<\/div>\n\t\t\t\t<\/div>\n\t\t\t\t<div class=\"elementor-element elementor-element-1c28fca3 elementor-widget elementor-widget-imroz-button\" data-id=\"1c28fca3\" data-element_type=\"widget\" data-e-type=\"widget\" data-widget_type=\"imroz-button.default\">\n\t\t\t\t<div class=\"elementor-widget-container\">\n\t\t\t\t\t                    <div class=\"text-left\">\r\n                <a href=\"https:\/\/laserrobotarm.com\/en\/erkrankung-der-wirbelsaeule\/\" target=\"_self\" rel=\"nofollow\" class=\"rbt-button  rn-button-style--2 btn_solid btn-large btn-theme\"><span class=\"button-text\">Learn more<\/span><\/a>            <\/div>\r\n                \t\t\t\t<\/div>\n\t\t\t\t<\/div>\n\t\t\t\t<\/div>\n\t\t\t\t\t<\/div>\n\t\t\t\t<\/div>\n\t\t<div class=\"elementor-element elementor-element-1d3f1320 rn-section-gap e-flex e-con-boxed e-con e-parent\" data-id=\"1d3f1320\" data-element_type=\"container\" data-e-type=\"container\" data-settings=\"{&quot;background_background&quot;:&quot;classic&quot;}\">\n\t\t\t\t\t<div class=\"e-con-inner\">\n\t\t<div class=\"elementor-element elementor-element-5281e676 e-con-full pt--40 pb--40 e-flex e-con e-child\" data-id=\"5281e676\" data-element_type=\"container\" data-e-type=\"container\">\n\t\t\t\t<div class=\"elementor-element elementor-element-586484e2 elementor-widget elementor-widget-imroz-section-title\" data-id=\"586484e2\" data-element_type=\"widget\" data-e-type=\"widget\" data-widget_type=\"imroz-section-title.default\">\n\t\t\t\t<div class=\"elementor-widget-container\">\n\t\t\t\t\t        <div class=\"section-title mb--20 mb_sm--0 text-right\">\r\n                                    <h2 class=\"title rbt-section-title\"><span>Herniated disc<\/span><\/h2>                            <p>A herniated disc, also known as a disc prolapse or commonly as a slipped disc, is a common cause of back pain.<\/p>\r\n                            <\/div>\r\n        \t\t\t\t<\/div>\n\t\t\t\t<\/div>\n\t\t\t\t<div class=\"elementor-element elementor-element-594a60c5 elementor-widget elementor-widget-imroz-button\" data-id=\"594a60c5\" data-element_type=\"widget\" data-e-type=\"widget\" data-widget_type=\"imroz-button.default\">\n\t\t\t\t<div class=\"elementor-widget-container\">\n\t\t\t\t\t                    <div class=\"text-right\">\r\n                <a href=\"https:\/\/laserrobotarm.com\/en\/bandscheibenvorfall\/\" target=\"_self\" rel=\"nofollow\" class=\"rbt-button  rn-button-style--2 btn_solid btn-large btn-theme\"><span class=\"button-text\">Learn more<\/span><\/a>            <\/div>\r\n                \t\t\t\t<\/div>\n\t\t\t\t<\/div>\n\t\t\t\t<\/div>\n\t\t<div class=\"elementor-element elementor-element-49264eac e-con-full image-stack e-flex e-con e-child\" data-id=\"49264eac\" data-element_type=\"container\" data-e-type=\"container\" data-settings=\"{&quot;background_background&quot;:&quot;classic&quot;}\">\n\t\t\t\t<div class=\"elementor-element elementor-element-1c84b22d elementor-widget elementor-widget-image\" data-id=\"1c84b22d\" data-element_type=\"widget\" data-e-type=\"widget\" data-widget_type=\"image.default\">\n\t\t\t\t<div class=\"elementor-widget-container\">\n\t\t\t\t\t\t\t\t\t\t\t\t\t\t\t<img decoding=\"async\" width=\"610\" height=\"425\" src=\"https:\/\/laserrobotarm.com\/wp-content\/uploads\/2025\/10\/Bandscheibenvorfall-Uebersicht-Citak-Gesundheitszentrum-Hamburg.jpg\" class=\"attachment-large size-large wp-image-2614\" alt=\"\" srcset=\"https:\/\/laserrobotarm.com\/wp-content\/uploads\/2025\/10\/Bandscheibenvorfall-Uebersicht-Citak-Gesundheitszentrum-Hamburg.jpg 610w, https:\/\/laserrobotarm.com\/wp-content\/uploads\/2025\/10\/Bandscheibenvorfall-Uebersicht-Citak-Gesundheitszentrum-Hamburg-300x209.jpg 300w, https:\/\/laserrobotarm.com\/wp-content\/uploads\/2025\/10\/Bandscheibenvorfall-Uebersicht-Citak-Gesundheitszentrum-Hamburg-18x12.jpg 18w\" sizes=\"(max-width: 610px) 100vw, 610px\" \/>\t\t\t\t\t\t\t\t\t\t\t\t\t\t\t<\/div>\n\t\t\t\t<\/div>\n\t\t\t\t<\/div>\n\t\t\t\t\t<\/div>\n\t\t\t\t<\/div>\n\t\t<div class=\"elementor-element elementor-element-a950854 rn-section-gap bg_color--5 e-flex e-con-boxed e-con e-parent\" data-id=\"a950854\" data-element_type=\"container\" data-e-type=\"container\" data-settings=\"{&quot;background_background&quot;:&quot;classic&quot;}\">\n\t\t\t\t\t<div class=\"e-con-inner\">\n\t\t<div class=\"elementor-element elementor-element-58406639 e-con-full image-stack e-flex e-con e-child\" data-id=\"58406639\" data-element_type=\"container\" data-e-type=\"container\" data-settings=\"{&quot;background_background&quot;:&quot;classic&quot;}\">\n\t\t\t\t<div class=\"elementor-element elementor-element-7774f55c elementor-widget elementor-widget-image\" data-id=\"7774f55c\" data-element_type=\"widget\" data-e-type=\"widget\" data-widget_type=\"image.default\">\n\t\t\t\t<div class=\"elementor-widget-container\">\n\t\t\t\t\t\t\t\t\t\t\t\t\t\t\t<img loading=\"lazy\" decoding=\"async\" width=\"610\" height=\"425\" src=\"https:\/\/laserrobotarm.com\/wp-content\/uploads\/2025\/10\/Degenerative-Erkrankungen-Uebersicht-Citak-Gesundheitszentrum-Hamburg.jpg\" class=\"attachment-large size-large wp-image-2615\" alt=\"\" srcset=\"https:\/\/laserrobotarm.com\/wp-content\/uploads\/2025\/10\/Degenerative-Erkrankungen-Uebersicht-Citak-Gesundheitszentrum-Hamburg.jpg 610w, https:\/\/laserrobotarm.com\/wp-content\/uploads\/2025\/10\/Degenerative-Erkrankungen-Uebersicht-Citak-Gesundheitszentrum-Hamburg-300x209.jpg 300w, https:\/\/laserrobotarm.com\/wp-content\/uploads\/2025\/10\/Degenerative-Erkrankungen-Uebersicht-Citak-Gesundheitszentrum-Hamburg-18x12.jpg 18w\" sizes=\"(max-width: 610px) 100vw, 610px\" \/>\t\t\t\t\t\t\t\t\t\t\t\t\t\t\t<\/div>\n\t\t\t\t<\/div>\n\t\t\t\t<\/div>\n\t\t<div class=\"elementor-element elementor-element-63041091 e-con-full pt--40 pb--40 e-flex e-con e-child\" data-id=\"63041091\" data-element_type=\"container\" data-e-type=\"container\">\n\t\t\t\t<div class=\"elementor-element elementor-element-102d7de3 elementor-widget elementor-widget-imroz-section-title\" data-id=\"102d7de3\" data-element_type=\"widget\" data-e-type=\"widget\" data-widget_type=\"imroz-section-title.default\">\n\t\t\t\t<div class=\"elementor-widget-container\">\n\t\t\t\t\t        <div class=\"section-title mb--20 mb_sm--0 text-left\">\r\n                                    <h2 class=\"title rbt-section-title\"><span>Degenerative diseases<\/span><\/h2>                            <p>Degenerative disorders of the musculoskeletal system are widespread conditions that can, among other things, lead to limited mobility.<\/p>\r\n                            <\/div>\r\n        \t\t\t\t<\/div>\n\t\t\t\t<\/div>\n\t\t\t\t<div class=\"elementor-element elementor-element-2e00600a elementor-widget elementor-widget-imroz-button\" data-id=\"2e00600a\" data-element_type=\"widget\" data-e-type=\"widget\" data-widget_type=\"imroz-button.default\">\n\t\t\t\t<div class=\"elementor-widget-container\">\n\t\t\t\t\t                    <div class=\"text-left\">\r\n                <a href=\"https:\/\/laserrobotarm.com\/en\/degenerative-erkrankungen\/\" target=\"_self\" rel=\"nofollow\" class=\"rbt-button  rn-button-style--2 btn_solid btn-large btn-theme\"><span class=\"button-text\">Learn more<\/span><\/a>            <\/div>\r\n                \t\t\t\t<\/div>\n\t\t\t\t<\/div>\n\t\t\t\t<\/div>\n\t\t\t\t\t<\/div>\n\t\t\t\t<\/div>\n\t\t<div class=\"elementor-element elementor-element-43eade9d rn-section-gap e-flex e-con-boxed e-con e-parent\" data-id=\"43eade9d\" data-element_type=\"container\" data-e-type=\"container\" data-settings=\"{&quot;background_background&quot;:&quot;classic&quot;}\">\n\t\t\t\t\t<div class=\"e-con-inner\">\n\t\t<div class=\"elementor-element elementor-element-1fec9f90 e-con-full pt--40 pb--40 e-flex e-con e-child\" data-id=\"1fec9f90\" data-element_type=\"container\" data-e-type=\"container\">\n\t\t\t\t<div class=\"elementor-element elementor-element-3ff006d9 elementor-widget elementor-widget-imroz-section-title\" data-id=\"3ff006d9\" data-element_type=\"widget\" data-e-type=\"widget\" data-widget_type=\"imroz-section-title.default\">\n\t\t\t\t<div class=\"elementor-widget-container\">\n\t\t\t\t\t        <div class=\"section-title mb--20 mb_sm--0 text-right\">\r\n                                    <h2 class=\"title rbt-section-title\"><span>Spine pain<\/span><\/h2>                            <p>The spine, our body\u2019s supporting pillar, is susceptible to a range of injuries and fractures caused by accidents, overuse, or degenerative conditions.<\/p>\r\n                            <\/div>\r\n        \t\t\t\t<\/div>\n\t\t\t\t<\/div>\n\t\t\t\t<div class=\"elementor-element elementor-element-687052d elementor-widget elementor-widget-imroz-button\" data-id=\"687052d\" data-element_type=\"widget\" data-e-type=\"widget\" data-widget_type=\"imroz-button.default\">\n\t\t\t\t<div class=\"elementor-widget-container\">\n\t\t\t\t\t                    <div class=\"text-right\">\r\n                <a href=\"https:\/\/laserrobotarm.com\/en\/schmerzen-in-der-wirbelsaeule\/\" target=\"_self\" rel=\"nofollow\" class=\"rbt-button  rn-button-style--2 btn_solid btn-large btn-theme\"><span class=\"button-text\">Learn more<\/span><\/a>            <\/div>\r\n                \t\t\t\t<\/div>\n\t\t\t\t<\/div>\n\t\t\t\t<\/div>\n\t\t<div class=\"elementor-element elementor-element-6b10e62f e-con-full image-stack e-flex e-con e-child\" data-id=\"6b10e62f\" data-element_type=\"container\" data-e-type=\"container\" data-settings=\"{&quot;background_background&quot;:&quot;classic&quot;}\">\n\t\t\t\t<div class=\"elementor-element elementor-element-741bfdb6 elementor-widget elementor-widget-image\" data-id=\"741bfdb6\" data-element_type=\"widget\" data-e-type=\"widget\" data-widget_type=\"image.default\">\n\t\t\t\t<div class=\"elementor-widget-container\">\n\t\t\t\t\t\t\t\t\t\t\t\t\t\t\t<img loading=\"lazy\" decoding=\"async\" width=\"610\" height=\"425\" src=\"https:\/\/laserrobotarm.com\/wp-content\/uploads\/2025\/10\/Schmerzen-in-der-Wirbelsaeule-Uebersicht-Citak-Gesundheitszentrum-Hamburg.jpg\" class=\"attachment-large size-large wp-image-2616\" alt=\"\" srcset=\"https:\/\/laserrobotarm.com\/wp-content\/uploads\/2025\/10\/Schmerzen-in-der-Wirbelsaeule-Uebersicht-Citak-Gesundheitszentrum-Hamburg.jpg 610w, https:\/\/laserrobotarm.com\/wp-content\/uploads\/2025\/10\/Schmerzen-in-der-Wirbelsaeule-Uebersicht-Citak-Gesundheitszentrum-Hamburg-300x209.jpg 300w, https:\/\/laserrobotarm.com\/wp-content\/uploads\/2025\/10\/Schmerzen-in-der-Wirbelsaeule-Uebersicht-Citak-Gesundheitszentrum-Hamburg-18x12.jpg 18w\" sizes=\"(max-width: 610px) 100vw, 610px\" \/>\t\t\t\t\t\t\t\t\t\t\t\t\t\t\t<\/div>\n\t\t\t\t<\/div>\n\t\t\t\t<\/div>\n\t\t\t\t\t<\/div>\n\t\t\t\t<\/div>\n\t\t<div class=\"elementor-element elementor-element-31b23c17 rn-section-gap h-consulting elementor-hidden-desktop elementor-hidden-tablet elementor-hidden-mobile e-flex e-con-boxed e-con e-parent\" data-id=\"31b23c17\" data-element_type=\"container\" data-e-type=\"container\" data-settings=\"{&quot;background_background&quot;:&quot;classic&quot;}\">\n\t\t\t\t\t<div class=\"e-con-inner\">\n\t\t<div class=\"elementor-element elementor-element-75a26138 e-con-full e-flex e-con e-child\" data-id=\"75a26138\" data-element_type=\"container\" data-e-type=\"container\" data-settings=\"{&quot;background_background&quot;:&quot;classic&quot;}\">\n\t\t\t\t<div class=\"elementor-element elementor-element-657ce0c6 display-1 elementor-widget elementor-widget-imroz-section-title\" data-id=\"657ce0c6\" data-element_type=\"widget\" data-e-type=\"widget\" data-widget_type=\"imroz-section-title.default\">\n\t\t\t\t<div class=\"elementor-widget-container\">\n\t\t\t\t\t        <div class=\"section-title mb--20 mb_sm--0 text-left\">\r\n                                    <h2 class=\"title rbt-section-title\"><span>Learn more<\/span><\/h2>                            <\/div>\r\n        \t\t\t\t<\/div>\n\t\t\t\t<\/div>\n\t\t\t\t<div class=\"elementor-element elementor-element-3a18fd71 pb--20 elementor-widget elementor-widget-text-editor\" data-id=\"3a18fd71\" data-element_type=\"widget\" data-e-type=\"widget\" data-widget_type=\"text-editor.default\">\n\t\t\t\t<div class=\"elementor-widget-container\">\n\t\t\t\t\t\t\t\t\tOur brochure offers valuable tips and information.\t\t\t\t\t\t\t\t<\/div>\n\t\t\t\t<\/div>\n\t\t\t\t<div class=\"elementor-element elementor-element-90e0681 elementor-widget elementor-widget-imroz-button\" data-id=\"90e0681\" data-element_type=\"widget\" data-e-type=\"widget\" data-widget_type=\"imroz-button.default\">\n\t\t\t\t<div class=\"elementor-widget-container\">\n\t\t\t\t\t                    <div class=\"\">\r\n                <a href=\"https:\/\/laserrobotarm.com\/wp-content\/uploads\/2025\/01\/Patientenbroschuere.pdf\" target=\"_blank\" class=\"rbt-button  rn-button-style--2 btn_solid btn-large btn-theme\"><span class=\"button-text\">Download brochure<\/span><\/a>            <\/div>\r\n                \t\t\t\t<\/div>\n\t\t\t\t<\/div>\n\t\t\t\t<\/div>\n\t\t<div class=\"elementor-element elementor-element-45136115 e-con-full e-flex e-con e-child\" data-id=\"45136115\" data-element_type=\"container\" data-e-type=\"container\">\n\t\t\t\t<\/div>\n\t\t\t\t\t<\/div>\n\t\t\t\t<\/div>\n\t\t\t\t<\/div>","protected":false},"excerpt":{"rendered":"<p>Prof. Dr. Citak R\u00fcckenzentrum Revolution\u00e4re R\u00fcckenmedizin im R\u00fcckenzentrum Innovative Behandlungskonzepte f\u00fcr effektive Linderung Das R\u00fcckenzentrum im Gesundheitszentrum Professor Citak steht f\u00fcr eine neue \u00c4ra in der Behandlung von R\u00fcckenleiden. Unter der Leitung von Prof. Dr. med. Musa Citak, einem renommierten Experten auf diesem Gebiet, bieten wir Patienten, die unter chronischen R\u00fcckenschmerzen und komplexen Wirbels\u00e4ulenproblemen leiden, ma\u00dfgeschneiderte L\u00f6sungen. Mit seinem einzigartigen Diagnose- und Behandlungskonzept, das sowohl manuelle als auch technische Verfahren integriert, setzt Prof. Citak neue Ma\u00dfst\u00e4be in der R\u00fcckenmedizin.Die Behandlung [&hellip;]<\/p>\n","protected":false},"author":1,"featured_media":0,"parent":0,"menu_order":0,"comment_status":"closed","ping_status":"closed","template":"elementor_header_footer","meta":{"_acf_changed":false,"footnotes":""},"class_list":["post-2698","page","type-page","status-publish","hentry"],"acf":[],"_links":{"self":[{"href":"https:\/\/laserrobotarm.com\/en\/wp-json\/wp\/v2\/pages\/2698","targetHints":{"allow":["GET"]}}],"collection":[{"href":"https:\/\/laserrobotarm.com\/en\/wp-json\/wp\/v2\/pages"}],"about":[{"href":"https:\/\/laserrobotarm.com\/en\/wp-json\/wp\/v2\/types\/page"}],"author":[{"embeddable":true,"href":"https:\/\/laserrobotarm.com\/en\/wp-json\/wp\/v2\/users\/1"}],"replies":[{"embeddable":true,"href":"https:\/\/laserrobotarm.com\/en\/wp-json\/wp\/v2\/comments?post=2698"}],"version-history":[{"count":11,"href":"https:\/\/laserrobotarm.com\/en\/wp-json\/wp\/v2\/pages\/2698\/revisions"}],"predecessor-version":[{"id":2974,"href":"https:\/\/laserrobotarm.com\/en\/wp-json\/wp\/v2\/pages\/2698\/revisions\/2974"}],"wp:attachment":[{"href":"https:\/\/laserrobotarm.com\/en\/wp-json\/wp\/v2\/media?parent=2698"}],"curies":[{"name":"wp","href":"https:\/\/api.w.org\/{rel}","templated":true}]}}