{"id":27,"date":"2024-12-05T16:13:18","date_gmt":"2024-12-05T15:13:18","guid":{"rendered":"https:\/\/laserrobotarm.com\/?page_id=27"},"modified":"2025-10-31T12:01:26","modified_gmt":"2025-10-31T11:01:26","slug":"karriere","status":"publish","type":"page","link":"https:\/\/laserrobotarm.com\/en\/karriere\/","title":{"rendered":"Career"},"content":{"rendered":"<div data-elementor-type=\"wp-page\" data-elementor-id=\"27\" class=\"elementor elementor-27\">\n\t\t\t\t<div class=\"elementor-element elementor-element-5e9b9a4 e-con-full pt--200 pb--200 e-flex e-con e-parent\" data-id=\"5e9b9a4\" data-element_type=\"container\" data-e-type=\"container\" data-settings=\"{&quot;background_background&quot;:&quot;video&quot;,&quot;background_video_link&quot;:&quot;https:\\\/\\\/laserrobotarm.com\\\/wp-content\\\/uploads\\\/2025\\\/05\\\/Bochum-Atlas-Work-Draft-Short.mp4&quot;,&quot;background_play_on_mobile&quot;:&quot;yes&quot;,&quot;background_privacy_mode&quot;:&quot;yes&quot;}\">\n\t\t<div class=\"elementor-background-video-container\">\n\t\t\t\t\t\t\t<video class=\"elementor-background-video-hosted\" role=\"presentation\" autoplay muted playsinline loop><\/video>\n\t\t\t\t\t<\/div>\t\t<div class=\"elementor-element elementor-element-4f36e08 elementor-widget elementor-widget-imroz-section-title\" data-id=\"4f36e08\" data-element_type=\"widget\" data-e-type=\"widget\" data-widget_type=\"imroz-section-title.default\">\n\t\t\t\t<div class=\"elementor-widget-container\">\n\t\t\t\t\t        <div class=\"section-title mb--20 mb_sm--0 text-center\">\r\n                                    <h2 class=\"title rbt-section-title\"><span>What drives you?<\/span><\/h2>                            <\/div>\r\n        \t\t\t\t<\/div>\n\t\t\t\t<\/div>\n\t\t\t\t<\/div>\n\t\t<div class=\"elementor-element elementor-element-6b598bd rn-section-gap e-flex e-con-boxed e-con e-parent\" data-id=\"6b598bd\" data-element_type=\"container\" data-e-type=\"container\">\n\t\t\t\t\t<div class=\"e-con-inner\">\n\t\t\t\t<div class=\"elementor-element elementor-element-33a68c5 elementor-widget elementor-widget-imroz-section-title\" data-id=\"33a68c5\" data-element_type=\"widget\" data-e-type=\"widget\" data-widget_type=\"imroz-section-title.default\">\n\t\t\t\t<div class=\"elementor-widget-container\">\n\t\t\t\t\t        <div class=\"section-title mb--20 mb_sm--0 text-left\">\r\n                                    <h2 class=\"title rbt-section-title\"><span>Career<\/span><\/h2>                            <\/div>\r\n        \t\t\t\t<\/div>\n\t\t\t\t<\/div>\n\t\t<div class=\"elementor-element elementor-element-1c7fdef e-con-full e-flex e-con e-child\" data-id=\"1c7fdef\" data-element_type=\"container\" data-e-type=\"container\">\n\t\t<div class=\"elementor-element elementor-element-2340efe e-con-full e-flex e-con e-child\" data-id=\"2340efe\" data-element_type=\"container\" data-e-type=\"container\">\n\t\t\t\t<div class=\"elementor-element elementor-element-a1a3956 elementor-widget elementor-widget-imroz-section-title\" data-id=\"a1a3956\" data-element_type=\"widget\" data-e-type=\"widget\" data-widget_type=\"imroz-section-title.default\">\n\t\t\t\t<div class=\"elementor-widget-container\">\n\t\t\t\t\t        <div class=\"section-title mb--20 mb_sm--0 text-left\">\r\n                                    <h2 class=\"title rbt-section-title\"><span>Mission &amp; Values<\/span><\/h2>                            <\/div>\r\n        \t\t\t\t<\/div>\n\t\t\t\t<\/div>\n\t\t\t\t<\/div>\n\t\t<div class=\"elementor-element elementor-element-a1e02b1 e-con-full e-flex e-con e-child\" data-id=\"a1e02b1\" data-element_type=\"container\" data-e-type=\"container\">\n\t\t\t\t<div class=\"elementor-element elementor-element-104a0f7 elementor-widget elementor-widget-text-editor\" data-id=\"104a0f7\" data-element_type=\"widget\" data-e-type=\"widget\" data-widget_type=\"text-editor.default\">\n\t\t\t\t<div class=\"elementor-widget-container\">\n\t\t\t\t\t\t\t\t\t<p><strong>At ATLAS, our mission is simple yet impactful:<\/strong><br \/>To make assistive technology accessible and integral to daily surgical practices, ensuring\nenhanced safety, precision, and reliability in patient care.<br \/><br \/>Our laser robotic arm delivers pinpoint precision from any angle \u2013 helping to make surgical procedures even safer and more efficient.<br \/><br \/>We are dedicated to advancing medical technology, empowering healthcare professionals,\nand ultimately transforming lives.<\/p>\t\t\t\t\t\t\t\t<\/div>\n\t\t\t\t<\/div>\n\t\t\t\t<\/div>\n\t\t\t\t<\/div>\n\t\t<div class=\"elementor-element elementor-element-cf52f11 e-con-full e-flex e-con e-child\" data-id=\"cf52f11\" data-element_type=\"container\" data-e-type=\"container\">\n\t\t<div class=\"elementor-element elementor-element-859f138 e-con-full e-flex e-con e-child\" data-id=\"859f138\" data-element_type=\"container\" data-e-type=\"container\">\n\t\t\t\t<\/div>\n\t\t<div class=\"elementor-element elementor-element-5f1b1fb e-con-full e-flex e-con e-child\" data-id=\"5f1b1fb\" data-element_type=\"container\" data-e-type=\"container\">\n\t\t\t\t<div class=\"elementor-element elementor-element-0415bdb elementor-widget elementor-widget-text-editor\" data-id=\"0415bdb\" data-element_type=\"widget\" data-e-type=\"widget\" data-widget_type=\"text-editor.default\">\n\t\t\t\t<div class=\"elementor-widget-container\">\n\t\t\t\t\t\t\t\t\t<ul><li><strong>Driven by Purpose:<\/strong> Every team member at ATLAS shares a deep commitment to\nimproving healthcare. We're driven by the desire to make a meaningful\nimpact\u2014motivating us to innovate and excel in everything we do.<\/li><li><strong>Empowerment and Independence:<\/strong> We foster an environment where individuals are\ntrusted and encouraged to make decisions independently, cultivating a culture of\nownership and accountability.<\/li><li><strong>Flat Structure and Open Communication:<\/strong> ATLAS operates with a flat\norganizational structure to ensure every voice is heard. We promote collaboration\nand a free exchange of ideas.<\/li><li><strong>Investing in People:<\/strong> Our success is built on our people. We invest in continuous learning and development, recognizing that our team\u2019s growth is essential to our mission.<\/li><li><strong>Trust and Transparency:<\/strong> Trust is at the core of everything we do. We believe in\nbuilding relationships based on respect, openness, and support\u2014creating a positive and honest work environment.<\/li><li><strong>Room for Innovation and Growth:<\/strong> At ATLAS, we create space for personal and\nprofessional development. We foster a culture where innovation thrives and new ideas are always welcome.<\/li><\/ul>\t\t\t\t\t\t\t\t<\/div>\n\t\t\t\t<\/div>\n\t\t\t\t<\/div>\n\t\t\t\t<\/div>\n\t\t<div class=\"elementor-element elementor-element-c414efd e-con-full e-flex e-con e-child\" data-id=\"c414efd\" data-element_type=\"container\" data-e-type=\"container\">\n\t\t<div class=\"elementor-element elementor-element-01190ab e-con-full e-flex e-con e-child\" data-id=\"01190ab\" data-element_type=\"container\" data-e-type=\"container\">\n\t\t\t\t<\/div>\n\t\t<div class=\"elementor-element elementor-element-e7f5282 e-con-full e-flex e-con e-child\" data-id=\"e7f5282\" data-element_type=\"container\" data-e-type=\"container\">\n\t\t\t\t<div class=\"elementor-element elementor-element-956532c elementor-widget elementor-widget-text-editor\" data-id=\"956532c\" data-element_type=\"widget\" data-e-type=\"widget\" data-widget_type=\"text-editor.default\">\n\t\t\t\t<div class=\"elementor-widget-container\">\n\t\t\t\t\t\t\t\t\t<p>This mission and these values define who we are as a company. If you are passionate about\nmaking a difference and want to be part of a collaborative, forward-thinking team, ATLAS\noffers a unique environment to contribute to life-changing advancements in healthcare.<\/p>\t\t\t\t\t\t\t\t<\/div>\n\t\t\t\t<\/div>\n\t\t\t\t<\/div>\n\t\t\t\t<\/div>\n\t\t\t\t\t<\/div>\n\t\t\t\t<\/div>\n\t\t<div class=\"elementor-element elementor-element-1ead0c7e e-con-full e-flex e-con e-parent\" data-id=\"1ead0c7e\" data-element_type=\"container\" data-e-type=\"container\" data-settings=\"{&quot;background_background&quot;:&quot;classic&quot;}\">\n\t\t\t\t<div class=\"elementor-element elementor-element-68458a71 rbt-section-height-default elementor-widget elementor-widget-imroz-agency-banner\" data-id=\"68458a71\" data-element_type=\"widget\" data-e-type=\"widget\" data-widget_type=\"imroz-agency-banner.default\">\n\t\t\t\t<div class=\"elementor-widget-container\">\n\t\t\t\t\t        <!-- Start Slider Area  -->\r\n        <div class=\"rn-slider-area slider-creative-agency\" data-settings=\"{&quot;parallax&quot;:true,&quot;particles&quot;:false,&quot;particles_color&quot;:null,&quot;particles_opacity&quot;:&quot;&quot;,&quot;id&quot;:&quot;particles-js-68458a71&quot;}\">\r\n\r\n            \r\n            <!-- Start Single Slide  -->\r\n            <div class=\"slide slide-style-2 d-flex align-items-center justify-content-center overlay rbt-height-control slider-paralax parallax\" data-stellar-background-ratio=\"0.3\">\r\n                <div class=\"container\">\r\n                    <div class=\"row\">\r\n                        <div class=\"col-lg-12\">\r\n                            <div class=\"inner text-center\">\r\n\r\n                                                                <h1 class=\"title theme-gradient\">What Drives You? <\/h1>                                                                    <p class=\"description\">You can find our current job openings on LinkedIn. If there\u2019s no suitable position listed, we\u2019d still love to hear from you \u2013 feel free to send us an open application. <\/p>\r\n                                                                                                    <div class=\"slide-btn\">\r\n                                        <a href=\"https:\/\/www.linkedin.com\/company\/atlas-medical-technologies-gmbh\/\" target=\"_blank\" class=\"rbt-button  rn-button-style--2 btn_border btn-size-lg rbt-btn-white\"><span class=\"button-text\">Visit LinkedIn<\/span><\/a>                                    <\/div>\r\n                                \r\n                            <\/div>\r\n                        <\/div>\r\n                    <\/div>\r\n                <\/div>\r\n            <\/div>\r\n            <!-- End Single Slide  -->\r\n        <\/div>\r\n        \t\t\t\t<\/div>\n\t\t\t\t<\/div>\n\t\t\t\t<\/div>\n\t\t<div class=\"elementor-element elementor-element-24f9c9be rn-section-gap e-flex e-con-boxed e-con e-parent\" data-id=\"24f9c9be\" data-element_type=\"container\" data-e-type=\"container\">\n\t\t\t\t\t<div class=\"e-con-inner\">\n\t\t<div class=\"elementor-element elementor-element-518708c e-con-full pb--80 e-flex e-con e-child\" data-id=\"518708c\" data-element_type=\"container\" data-e-type=\"container\">\n\t\t\t\t<div class=\"elementor-element elementor-element-aea2d8a elementor-widget elementor-widget-imroz-section-title\" data-id=\"aea2d8a\" data-element_type=\"widget\" data-e-type=\"widget\" data-widget_type=\"imroz-section-title.default\">\n\t\t\t\t<div class=\"elementor-widget-container\">\n\t\t\t\t\t        <div class=\"section-title mb--20 mb_sm--0 text-left\">\r\n                                    <h2 class=\"title rbt-section-title\"><span>You\u2019ll find us in Bochum and Berlin \u2013 but no worries:<\/span><\/h2>                            <p>If you're based elsewhere and your role doesn\u2019t require you to be on-site, we\u2019re sure to find a solution that works. Flexibility is part of who we are.<\/p>\r\n                            <\/div>\r\n        \t\t\t\t<\/div>\n\t\t\t\t<\/div>\n\t\t\t\t<\/div>\n\t\t<div class=\"elementor-element elementor-element-38f8818 e-con-full e-flex e-con e-child\" data-id=\"38f8818\" data-element_type=\"container\" data-e-type=\"container\">\n\t\t<div class=\"elementor-element elementor-element-597c46b7 e-con-full e-flex e-con e-child\" data-id=\"597c46b7\" data-element_type=\"container\" data-e-type=\"container\">\n\t\t\t\t<div class=\"elementor-element elementor-element-51732108 elementor-widget elementor-widget-imroz-section-title\" data-id=\"51732108\" data-element_type=\"widget\" data-e-type=\"widget\" data-widget_type=\"imroz-section-title.default\">\n\t\t\t\t<div class=\"elementor-widget-container\">\n\t\t\t\t\t        <div class=\"section-title mb--20 mb_sm--0 text-left\">\r\n                                    <h2 class=\"title rbt-section-title\"><span>Location of Offices<\/span><\/h2>                            <\/div>\r\n        \t\t\t\t<\/div>\n\t\t\t\t<\/div>\n\t\t\t\t<\/div>\n\t\t<div class=\"elementor-element elementor-element-348a8b26 e-con-full pb--40 e-flex e-con e-child\" data-id=\"348a8b26\" data-element_type=\"container\" data-e-type=\"container\">\n\t\t\t\t<div class=\"elementor-element elementor-element-5bf8d066 elementor-widget elementor-widget-imroz-section-title\" data-id=\"5bf8d066\" data-element_type=\"widget\" data-e-type=\"widget\" data-widget_type=\"imroz-section-title.default\">\n\t\t\t\t<div class=\"elementor-widget-container\">\n\t\t\t\t\t        <div class=\"section-title mb--20 mb_sm--0 text-left\">\r\n                                    <h3 class=\"title rbt-section-title\"><span>Berlin<\/span><\/h3>                            <\/div>\r\n        \t\t\t\t<\/div>\n\t\t\t\t<\/div>\n\t\t\t\t<div class=\"elementor-element elementor-element-223417f3 elementor-widget elementor-widget-text-editor\" data-id=\"223417f3\" data-element_type=\"widget\" data-e-type=\"widget\" data-widget_type=\"text-editor.default\">\n\t\t\t\t<div class=\"elementor-widget-container\">\n\t\t\t\t\t\t\t\t\t<p>ATLAS medical Technologies GmbH<br \/>Knaackstra\u00dfe 5<br \/>10405 Berlin<br \/>Germany<\/p><p>Email: <a href=\"mailto:info@atlas4d.de\">info@atlas4d.de<\/a><\/p>\t\t\t\t\t\t\t\t<\/div>\n\t\t\t\t<\/div>\n\t\t\t\t<\/div>\n\t\t<div class=\"elementor-element elementor-element-1af3f0d4 e-con-full pb--40 e-flex e-con e-child\" data-id=\"1af3f0d4\" data-element_type=\"container\" data-e-type=\"container\">\n\t\t\t\t<div class=\"elementor-element elementor-element-5a099bb4 elementor-widget elementor-widget-imroz-section-title\" data-id=\"5a099bb4\" data-element_type=\"widget\" data-e-type=\"widget\" data-widget_type=\"imroz-section-title.default\">\n\t\t\t\t<div class=\"elementor-widget-container\">\n\t\t\t\t\t        <div class=\"section-title mb--20 mb_sm--0 text-left\">\r\n                                    <h3 class=\"title rbt-section-title\"><span>HQ Bochum<\/span><\/h3>                            <\/div>\r\n        \t\t\t\t<\/div>\n\t\t\t\t<\/div>\n\t\t\t\t<div class=\"elementor-element elementor-element-4a580e16 elementor-widget elementor-widget-text-editor\" data-id=\"4a580e16\" data-element_type=\"widget\" data-e-type=\"widget\" data-widget_type=\"text-editor.default\">\n\t\t\t\t<div class=\"elementor-widget-container\">\n\t\t\t\t\t\t\t\t\t<p>ATLAS medical Technologies GmbH<br \/>Lohrheidestrasse 53<br \/>44866 Bochum<br \/>Germany<\/p><p>Email: <a href=\"mailto:info@atlas4d.de\">info@atlas4d.de<\/a><\/p>\t\t\t\t\t\t\t\t<\/div>\n\t\t\t\t<\/div>\n\t\t\t\t<\/div>\n\t\t\t\t<\/div>\n\t\t\t\t\t<\/div>\n\t\t\t\t<\/div>\n\t\t\t\t<\/div>","protected":false},"excerpt":{"rendered":"<p>What drives you? Karriere Mission &amp; Werte Bei ATLAS ist unsere Mission einfach, aber wirkungsvoll:Assistive Technologien zug\u00e4nglich zu machen und sie fest im chirurgischen Alltag zu verankern \u2013 f\u00fcr mehr Sicherheit, Pr\u00e4zision und Verl\u00e4sslichkeit in der Patientenversorgung. Unser Laser-Roboterarm liefert punktgenaue Pr\u00e4zision aus jedem Winkel \u2013 und tr\u00e4gt so dazu bei, chirurgische Eingriffe noch sicherer und effizienter zu gestalten. Wir setzen uns mit voller \u00dcberzeugung daf\u00fcr ein, Medizintechnologie kontinuierlich weiterzuentwickeln, medizinisches Fachpersonal zu st\u00e4rken und letztlich Leben zu verbessern. Angetrieben [&hellip;]<\/p>\n","protected":false},"author":1,"featured_media":0,"parent":0,"menu_order":0,"comment_status":"closed","ping_status":"closed","template":"elementor_header_footer","meta":{"_acf_changed":false,"footnotes":""},"class_list":["post-27","page","type-page","status-publish","hentry"],"acf":[],"_links":{"self":[{"href":"https:\/\/laserrobotarm.com\/en\/wp-json\/wp\/v2\/pages\/27","targetHints":{"allow":["GET"]}}],"collection":[{"href":"https:\/\/laserrobotarm.com\/en\/wp-json\/wp\/v2\/pages"}],"about":[{"href":"https:\/\/laserrobotarm.com\/en\/wp-json\/wp\/v2\/types\/page"}],"author":[{"embeddable":true,"href":"https:\/\/laserrobotarm.com\/en\/wp-json\/wp\/v2\/users\/1"}],"replies":[{"embeddable":true,"href":"https:\/\/laserrobotarm.com\/en\/wp-json\/wp\/v2\/comments?post=27"}],"version-history":[{"count":242,"href":"https:\/\/laserrobotarm.com\/en\/wp-json\/wp\/v2\/pages\/27\/revisions"}],"predecessor-version":[{"id":2547,"href":"https:\/\/laserrobotarm.com\/en\/wp-json\/wp\/v2\/pages\/27\/revisions\/2547"}],"wp:attachment":[{"href":"https:\/\/laserrobotarm.com\/en\/wp-json\/wp\/v2\/media?parent=27"}],"curies":[{"name":"wp","href":"https:\/\/api.w.org\/{rel}","templated":true}]}}