{"id":2712,"date":"2025-10-31T12:14:58","date_gmt":"2025-10-31T11:14:58","guid":{"rendered":"https:\/\/laserrobotarm.com\/?page_id=2712"},"modified":"2025-11-21T09:00:55","modified_gmt":"2025-11-21T08:00:55","slug":"patientenkontakt","status":"publish","type":"page","link":"https:\/\/laserrobotarm.com\/en\/patientenkontakt\/","title":{"rendered":"Patientenkontakt"},"content":{"rendered":"<div data-elementor-type=\"wp-page\" data-elementor-id=\"2712\" class=\"elementor elementor-2712\">\n\t\t\t\t<div class=\"elementor-element elementor-element-247ef524 e-flex e-con-boxed e-con e-parent\" data-id=\"247ef524\" data-element_type=\"container\" data-e-type=\"container\" data-settings=\"{&quot;background_background&quot;:&quot;classic&quot;}\">\n\t\t\t\t\t<div class=\"e-con-inner\">\n\t\t\t\t<div class=\"elementor-element elementor-element-5ee5713d h-header elementor-widget elementor-widget-imroz-section-title\" data-id=\"5ee5713d\" data-element_type=\"widget\" data-e-type=\"widget\" data-widget_type=\"imroz-section-title.default\">\n\t\t\t\t<div class=\"elementor-widget-container\">\n\t\t\t\t\t        <div class=\"section-title mb--20 mb_sm--0 text-left\">\r\n                                    <h2 class=\"title rbt-section-title\"><span>Contact<\/span><\/h2>                            <\/div>\r\n        \t\t\t\t<\/div>\n\t\t\t\t<\/div>\n\t\t\t\t\t<\/div>\n\t\t\t\t<\/div>\n\t\t<div class=\"elementor-element elementor-element-2fbf790d rn-section-gap bg_color--5 e-flex e-con-boxed e-con e-parent\" data-id=\"2fbf790d\" data-element_type=\"container\" data-e-type=\"container\">\n\t\t\t\t\t<div class=\"e-con-inner\">\n\t\t<div class=\"elementor-element elementor-element-82526e9 e-con-full e-flex e-con e-child\" data-id=\"82526e9\" data-element_type=\"container\" data-e-type=\"container\" data-settings=\"{&quot;background_background&quot;:&quot;classic&quot;}\">\n\t\t\t\t<div class=\"elementor-element elementor-element-4d0e60e0 elementor-widget elementor-widget-imroz-section-title\" data-id=\"4d0e60e0\" data-element_type=\"widget\" data-e-type=\"widget\" data-widget_type=\"imroz-section-title.default\">\n\t\t\t\t<div class=\"elementor-widget-container\">\n\t\t\t\t\t        <div class=\"section-title mb--20 mb_sm--0 text-left\">\r\n                                    <h2 class=\"title rbt-section-title\"><span>Address<\/span><\/h2>                            <p>ATLAS medical Technologies GmbH<br>\nKnaackstra\u00dfe 5<br>\n10405 Berlin<br>\nGermany<br><br>\n\nPhone: +49 1762 501 7589<br>\n\nEmail: info@atlas4d.de<br>\n<\/p>\r\n                            <\/div>\r\n        \t\t\t\t<\/div>\n\t\t\t\t<\/div>\n\t\t\t\t<\/div>\n\t\t<div class=\"elementor-element elementor-element-6c1396e2 e-con-full e-flex e-con e-child\" data-id=\"6c1396e2\" data-element_type=\"container\" data-e-type=\"container\" data-settings=\"{&quot;background_background&quot;:&quot;classic&quot;}\">\n\t\t\t\t<div class=\"elementor-element elementor-element-4424f909 elementor-widget elementor-widget-imroz-section-title\" data-id=\"4424f909\" data-element_type=\"widget\" data-e-type=\"widget\" data-widget_type=\"imroz-section-title.default\">\n\t\t\t\t<div class=\"elementor-widget-container\">\n\t\t\t\t\t        <div class=\"section-title mb--20 mb_sm--0 text-center\">\r\n                                    <h2 class=\"title rbt-section-title\"><span>Send us an email<\/span><\/h2>                            <p>You are welcome to contact us by email at any time, and we will respond as quickly as possible. Of course, we handle your data and information with strict confidentiality.<\/p>\r\n                            <\/div>\r\n        \t\t\t\t<\/div>\n\t\t\t\t<\/div>\n\t\t\t\t<div class=\"elementor-element elementor-element-28e610b7 elementor-widget elementor-widget-imroz-button\" data-id=\"28e610b7\" data-element_type=\"widget\" data-e-type=\"widget\" data-widget_type=\"imroz-button.default\">\n\t\t\t\t<div class=\"elementor-widget-container\">\n\t\t\t\t\t                    <div class=\"text-center\">\r\n                <a href=\"mailto:info@atlas4d.de\" target=\"_blank\" class=\"rbt-button  rn-button-style--2 btn_solid btn-large btn-theme\"><span class=\"button-text\">Write email<\/span><\/a>            <\/div>\r\n                \t\t\t\t<\/div>\n\t\t\t\t<\/div>\n\t\t\t\t<\/div>\n\t\t\t\t\t<\/div>\n\t\t\t\t<\/div>\n\t\t<div class=\"elementor-element elementor-element-4fa9cbc4 bg_color--5 e-flex e-con-boxed e-con e-parent\" data-id=\"4fa9cbc4\" data-element_type=\"container\" data-e-type=\"container\">\n\t\t\t\t\t<div class=\"e-con-inner\">\n\t\t\t\t<div class=\"elementor-element elementor-element-62b2d9d9 elementor-widget elementor-widget-html\" data-id=\"62b2d9d9\" data-element_type=\"widget\" data-e-type=\"widget\" data-widget_type=\"html.default\">\n\t\t\t\t<div class=\"elementor-widget-container\">\n\t\t\t\t\t<hr class=\"im-separator\">\t\t\t\t<\/div>\n\t\t\t\t<\/div>\n\t\t\t\t\t<\/div>\n\t\t\t\t<\/div>\n\t\t\t\t<\/div>","protected":false},"excerpt":{"rendered":"<p>Kontakt Anschrift ATLAS medical Technologies GmbH Knaackstra\u00dfe 5 10405 Berlin Germany Telefon: +49 1762 501 7589 E-Mail: info@atlas4d.de Schreiben Sie uns eine E-Mail Sie k\u00f6nnen uns gerne jederzeit per E-Mail kontaktieren und wir werden Ihnen schnellstm\u00f6glich antworten. Selbstverst\u00e4ndlich behandeln wir Ihre Daten und Informationen strikt vertraulich. E-Mail schreiben<\/p>","protected":false},"author":1,"featured_media":0,"parent":0,"menu_order":0,"comment_status":"closed","ping_status":"closed","template":"elementor_header_footer","meta":{"_acf_changed":false,"footnotes":""},"class_list":["post-2712","page","type-page","status-publish","hentry"],"acf":[],"_links":{"self":[{"href":"https:\/\/laserrobotarm.com\/en\/wp-json\/wp\/v2\/pages\/2712","targetHints":{"allow":["GET"]}}],"collection":[{"href":"https:\/\/laserrobotarm.com\/en\/wp-json\/wp\/v2\/pages"}],"about":[{"href":"https:\/\/laserrobotarm.com\/en\/wp-json\/wp\/v2\/types\/page"}],"author":[{"embeddable":true,"href":"https:\/\/laserrobotarm.com\/en\/wp-json\/wp\/v2\/users\/1"}],"replies":[{"embeddable":true,"href":"https:\/\/laserrobotarm.com\/en\/wp-json\/wp\/v2\/comments?post=2712"}],"version-history":[{"count":11,"href":"https:\/\/laserrobotarm.com\/en\/wp-json\/wp\/v2\/pages\/2712\/revisions"}],"predecessor-version":[{"id":2978,"href":"https:\/\/laserrobotarm.com\/en\/wp-json\/wp\/v2\/pages\/2712\/revisions\/2978"}],"wp:attachment":[{"href":"https:\/\/laserrobotarm.com\/en\/wp-json\/wp\/v2\/media?parent=2712"}],"curies":[{"name":"wp","href":"https:\/\/api.w.org\/{rel}","templated":true}]}}