{"id":2837,"date":"2025-11-21T04:05:35","date_gmt":"2025-11-21T03:05:35","guid":{"rendered":"https:\/\/laserrobotarm.com\/?page_id=2837"},"modified":"2026-02-25T15:07:58","modified_gmt":"2026-02-25T14:07:58","slug":"regulatory-information","status":"publish","type":"page","link":"https:\/\/laserrobotarm.com\/en\/regulatory-information\/","title":{"rendered":"Regulatory Information"},"content":{"rendered":"<div data-elementor-type=\"wp-page\" data-elementor-id=\"2837\" class=\"elementor elementor-2837\">\n\t\t\t\t<div class=\"elementor-element elementor-element-37914819 e-flex e-con-boxed e-con e-parent\" data-id=\"37914819\" data-element_type=\"container\" data-e-type=\"container\" data-settings=\"{&quot;background_background&quot;:&quot;classic&quot;}\">\n\t\t\t\t\t<div class=\"e-con-inner\">\n\t\t\t\t<div class=\"elementor-element elementor-element-2bbad728 elementor-widget elementor-widget-imroz-section-title\" data-id=\"2bbad728\" data-element_type=\"widget\" data-e-type=\"widget\" data-widget_type=\"imroz-section-title.default\">\n\t\t\t\t<div class=\"elementor-widget-container\">\n\t\t\t\t\t        <div class=\"section-title mb--20 mb_sm--0 text-center\">\r\n                    <\/div>\r\n        \t\t\t\t<\/div>\n\t\t\t\t<\/div>\n\t\t\t\t\t<\/div>\n\t\t\t\t<\/div>\n\t\t<div class=\"elementor-element elementor-element-b5da07f rn-section-gap e-flex e-con-boxed e-con e-parent\" data-id=\"b5da07f\" data-element_type=\"container\" data-e-type=\"container\">\n\t\t\t\t\t<div class=\"e-con-inner\">\n\t\t\t\t<div class=\"elementor-element elementor-element-3009ea3 elementor-hidden-desktop elementor-hidden-tablet elementor-hidden-mobile elementor-widget elementor-widget-imroz-section-title\" data-id=\"3009ea3\" data-element_type=\"widget\" data-e-type=\"widget\" data-widget_type=\"imroz-section-title.default\">\n\t\t\t\t<div class=\"elementor-widget-container\">\n\t\t\t\t\t        <div class=\"section-title mb--20 mb_sm--0 text-left\">\r\n                                    <h2 class=\"title rbt-section-title\"><span>1. Introduction<\/span><\/h2>                            <\/div>\r\n        \t\t\t\t<\/div>\n\t\t\t\t<\/div>\n\t\t\t\t<div class=\"elementor-element elementor-element-38d22c1 elementor-widget elementor-widget-text-editor\" data-id=\"38d22c1\" data-element_type=\"widget\" data-e-type=\"widget\" data-widget_type=\"text-editor.default\">\n\t\t\t\t<div class=\"elementor-widget-container\">\n\t\t\t\t\t\t\t\t\t<p>This page provides the official regulatory and legal information for Atlas Medical Technologies GmbH, including manufacturer details, MDR\/CE compliance, documentation, and product-related materials for the Laser Robot Arm.<\/p>\t\t\t\t\t\t\t\t<\/div>\n\t\t\t\t<\/div>\n\t\t\t\t\t<\/div>\n\t\t\t\t<\/div>\n\t\t<div class=\"elementor-element elementor-element-eb88ebe rn-section-gap bg_color--5 e-flex e-con-boxed e-con e-parent\" data-id=\"eb88ebe\" data-element_type=\"container\" data-e-type=\"container\">\n\t\t\t\t\t<div class=\"e-con-inner\">\n\t\t\t\t<div class=\"elementor-element elementor-element-a629c2e elementor-widget elementor-widget-imroz-section-title\" data-id=\"a629c2e\" data-element_type=\"widget\" data-e-type=\"widget\" data-widget_type=\"imroz-section-title.default\">\n\t\t\t\t<div class=\"elementor-widget-container\">\n\t\t\t\t\t        <div class=\"section-title mb--20 mb_sm--0 text-left\">\r\n                                    <h2 class=\"title rbt-section-title\"><span>Company \/ Legal Manufacturer<\/span><\/h2>                            <\/div>\r\n        \t\t\t\t<\/div>\n\t\t\t\t<\/div>\n\t\t\t\t<div class=\"elementor-element elementor-element-bfa50db elementor-widget elementor-widget-text-editor\" data-id=\"bfa50db\" data-element_type=\"widget\" data-e-type=\"widget\" data-widget_type=\"text-editor.default\">\n\t\t\t\t<div class=\"elementor-widget-container\">\n\t\t\t\t\t\t\t\t\t<p><strong>Legal Manufacturer<\/strong><br \/>ATLAS medical Technologies GmbH<br \/>Lohrheidestrasse 53<br \/>44866 Bochum<\/p><p>Registered office: Bochum, Germany<\/p><p>Atlas Medical Technologies GmbH is the legal manufacturer of the Laser Robot Arm medical device and is responsible for compliance with applicable European regulations, including the Medical Device Regulation (EU) 2017\/745.<\/p>\t\t\t\t\t\t\t\t<\/div>\n\t\t\t\t<\/div>\n\t\t\t\t\t<\/div>\n\t\t\t\t<\/div>\n\t\t<div class=\"elementor-element elementor-element-259c402 rn-section-gap e-flex e-con-boxed e-con e-parent\" data-id=\"259c402\" data-element_type=\"container\" data-e-type=\"container\">\n\t\t\t\t\t<div class=\"e-con-inner\">\n\t\t\t\t<div class=\"elementor-element elementor-element-8d42ea8 elementor-widget elementor-widget-imroz-section-title\" data-id=\"8d42ea8\" data-element_type=\"widget\" data-e-type=\"widget\" data-widget_type=\"imroz-section-title.default\">\n\t\t\t\t<div class=\"elementor-widget-container\">\n\t\t\t\t\t        <div class=\"section-title mb--20 mb_sm--0 text-left\">\r\n                                    <h2 class=\"title rbt-section-title\"><span>Regulatory Status<\/span><\/h2>                            <\/div>\r\n        \t\t\t\t<\/div>\n\t\t\t\t<\/div>\n\t\t\t\t<div class=\"elementor-element elementor-element-6da64cf elementor-widget elementor-widget-text-editor\" data-id=\"6da64cf\" data-element_type=\"widget\" data-e-type=\"widget\" data-widget_type=\"text-editor.default\">\n\t\t\t\t<div class=\"elementor-widget-container\">\n\t\t\t\t\t\t\t\t\t<p><strong>CE Marking<\/strong><br \/>The Laser Robot Arm is a CE-marked medical device.<br \/><br \/><strong>Classification<\/strong><br \/>\u2022 Medical Device Classification: <strong>Class I<\/strong> (under MDR)<br \/>\u2022 Intended Purpose: Device providing <strong>visual support and orientation<\/strong> during CT- and CBCT-guided workflows.<br \/><br \/><strong>MDR Compliance<\/strong><br \/>Atlas Medical Technologies GmbH ensures full compliance with the Medical Device Regulation (EU) 2017\/745, including technical documentation, safety, performance requirements, and post-market surveillance obligations.<\/p>\t\t\t\t\t\t\t\t<\/div>\n\t\t\t\t<\/div>\n\t\t\t\t\t<\/div>\n\t\t\t\t<\/div>\n\t\t<div class=\"elementor-element elementor-element-16ddc294 rn-section-gap h-consulting e-flex e-con-boxed e-con e-parent\" data-id=\"16ddc294\" data-element_type=\"container\" data-e-type=\"container\" data-settings=\"{&quot;background_background&quot;:&quot;classic&quot;}\">\n\t\t\t\t\t<div class=\"e-con-inner\">\n\t\t<div class=\"elementor-element elementor-element-6b68cc2 e-con-full e-flex e-con e-child\" data-id=\"6b68cc2\" data-element_type=\"container\" data-e-type=\"container\" data-settings=\"{&quot;background_background&quot;:&quot;classic&quot;}\">\n\t\t\t\t<div class=\"elementor-element elementor-element-4cc64a09 display-1 elementor-widget elementor-widget-imroz-section-title\" data-id=\"4cc64a09\" data-element_type=\"widget\" data-e-type=\"widget\" data-widget_type=\"imroz-section-title.default\">\n\t\t\t\t<div class=\"elementor-widget-container\">\n\t\t\t\t\t        <div class=\"section-title mb--20 mb_sm--0 text-left\">\r\n                                    <h2 class=\"title rbt-section-title\"><span>Documentation &amp; Downloads<\/span><\/h2>                            <\/div>\r\n        \t\t\t\t<\/div>\n\t\t\t\t<\/div>\n\t\t\t\t<div class=\"elementor-element elementor-element-1d83d5ec pb--20 elementor-widget elementor-widget-text-editor\" data-id=\"1d83d5ec\" data-element_type=\"widget\" data-e-type=\"widget\" data-widget_type=\"text-editor.default\">\n\t\t\t\t<div class=\"elementor-widget-container\">\n\t\t\t\t\t\t\t\t\tThe following documents are available to healthcare professionals and regulatory authorities:\t\t\t\t\t\t\t\t<\/div>\n\t\t\t\t<\/div>\n\t\t\t\t<div class=\"elementor-element elementor-element-2917e191 elementor-widget elementor-widget-imroz-button\" data-id=\"2917e191\" data-element_type=\"widget\" data-e-type=\"widget\" data-widget_type=\"imroz-button.default\">\n\t\t\t\t<div class=\"elementor-widget-container\">\n\t\t\t\t\t                    <div class=\"\">\r\n                <a href=\"https:\/\/laserrobotarm.com\/wp-content\/uploads\/2025\/11\/20240906_CE-DOC_Laser_Robot_Arm_MDR_1.0.pdf\" target=\"_blank\" class=\"rbt-button  rn-button-style--2 btn_solid btn-large btn-theme\"><span class=\"button-text\">Declaration of Conformity (PDF)<\/span><\/a>            <\/div>\r\n                \t\t\t\t<\/div>\n\t\t\t\t<\/div>\n\t\t\t\t<div class=\"elementor-element elementor-element-221477a elementor-widget elementor-widget-imroz-button\" data-id=\"221477a\" data-element_type=\"widget\" data-e-type=\"widget\" data-widget_type=\"imroz-button.default\">\n\t\t\t\t<div class=\"elementor-widget-container\">\n\t\t\t\t\t                    <div class=\"\">\r\n                <a href=\"https:\/\/laserrobotarm.com\/wp-content\/uploads\/2026\/02\/LRA_Brochure_EN.pdf\" target=\"_blank\" class=\"rbt-button  rn-button-style--2 btn_solid btn-large btn-theme\"><span class=\"button-text\">Laser Robot Arm Brochure (PDF)<\/span><\/a>            <\/div>\r\n                \t\t\t\t<\/div>\n\t\t\t\t<\/div>\n\t\t\t\t<div class=\"elementor-element elementor-element-b701f51 elementor-widget elementor-widget-imroz-button\" data-id=\"b701f51\" data-element_type=\"widget\" data-e-type=\"widget\" data-widget_type=\"imroz-button.default\">\n\t\t\t\t<div class=\"elementor-widget-container\">\n\t\t\t\t\t                    <div class=\"\">\r\n                <a href=\"https:\/\/laserrobotarm.com\/wp-content\/uploads\/2025\/11\/EN_IFU_Laser-Robot-ArmLRA_MDR.pdf\" target=\"_blank\" class=\"rbt-button  rn-button-style--2 btn_solid btn-large btn-theme\"><span class=\"button-text\">Instructions for Use (IFU) (PDF)<\/span><\/a>            <\/div>\r\n                \t\t\t\t<\/div>\n\t\t\t\t<\/div>\n\t\t\t\t<\/div>\n\t\t<div class=\"elementor-element elementor-element-2a196ab3 e-con-full e-flex e-con e-child\" data-id=\"2a196ab3\" data-element_type=\"container\" data-e-type=\"container\">\n\t\t\t\t<\/div>\n\t\t\t\t\t<\/div>\n\t\t\t\t<\/div>\n\t\t<div class=\"elementor-element elementor-element-b926074 rn-section-gap e-flex e-con-boxed e-con e-parent\" data-id=\"b926074\" data-element_type=\"container\" data-e-type=\"container\">\n\t\t\t\t\t<div class=\"e-con-inner\">\n\t\t\t\t<div class=\"elementor-element elementor-element-041e4f1 elementor-widget elementor-widget-imroz-section-title\" data-id=\"041e4f1\" data-element_type=\"widget\" data-e-type=\"widget\" data-widget_type=\"imroz-section-title.default\">\n\t\t\t\t<div class=\"elementor-widget-container\">\n\t\t\t\t\t        <div class=\"section-title mb--20 mb_sm--0 text-left\">\r\n                                    <h2 class=\"title rbt-section-title\"><span>Contact &amp; Legal Notice<\/span><\/h2>                            <\/div>\r\n        \t\t\t\t<\/div>\n\t\t\t\t<\/div>\n\t\t\t\t<div class=\"elementor-element elementor-element-a29b7c4 elementor-widget elementor-widget-text-editor\" data-id=\"a29b7c4\" data-element_type=\"widget\" data-e-type=\"widget\" data-widget_type=\"text-editor.default\">\n\t\t\t\t<div class=\"elementor-widget-container\">\n\t\t\t\t\t\t\t\t\t<p><strong>Regulatory Contact<\/strong><br \/><a href=\"mailto:info@atlas4d.de\">info@atlas4d.de<\/a><\/p><p><a href=\"https:\/\/laserrobotarm.com\/en\/impressum\/\">Legal Notice<\/a><br \/><a href=\"https:\/\/laserrobotarm.com\/en\/datenschutzerklaerung\/\">Privacy Policy<\/a><\/p>\t\t\t\t\t\t\t\t<\/div>\n\t\t\t\t<\/div>\n\t\t\t\t\t<\/div>\n\t\t\t\t<\/div>\n\t\t\t\t<\/div>","protected":false},"excerpt":{"rendered":"<p>1. Einf\u00fchrung Diese Seite enth\u00e4lt die offiziellen regulatorischen und rechtlichen Informationen zu Atlas Medical Technologies GmbH, einschlie\u00dflich Herstellerangaben, MDR\/CE-Konformit\u00e4t, Dokumentation und produktbezogenen Materialien f\u00fcr den Laser-Roboterarm. Unternehmen \/ Rechtlicher Hersteller Legal ManufacturerATLAS medical Technologies GmbHLohrheidestrasse 5344866 Bochum Sitz: Bochum, Deutschland Atlas Medical Technologies GmbH is the legal manufacturer of the Laser Robot Arm medical device and is responsible for compliance with applicable European regulations, including the Medical Device Regulation (EU) 2017\/745. Regulatorischer Status CE-KennzeichnungDer Laser-Roboterarm ist ein CE-gekennzeichnetes Medizinprodukt. Klassifikation\u2022 [&hellip;]<\/p>\n","protected":false},"author":1,"featured_media":0,"parent":0,"menu_order":0,"comment_status":"closed","ping_status":"closed","template":"elementor_header_footer","meta":{"_acf_changed":false,"footnotes":""},"class_list":["post-2837","page","type-page","status-publish","hentry"],"acf":[],"_links":{"self":[{"href":"https:\/\/laserrobotarm.com\/en\/wp-json\/wp\/v2\/pages\/2837","targetHints":{"allow":["GET"]}}],"collection":[{"href":"https:\/\/laserrobotarm.com\/en\/wp-json\/wp\/v2\/pages"}],"about":[{"href":"https:\/\/laserrobotarm.com\/en\/wp-json\/wp\/v2\/types\/page"}],"author":[{"embeddable":true,"href":"https:\/\/laserrobotarm.com\/en\/wp-json\/wp\/v2\/users\/1"}],"replies":[{"embeddable":true,"href":"https:\/\/laserrobotarm.com\/en\/wp-json\/wp\/v2\/comments?post=2837"}],"version-history":[{"count":53,"href":"https:\/\/laserrobotarm.com\/en\/wp-json\/wp\/v2\/pages\/2837\/revisions"}],"predecessor-version":[{"id":3169,"href":"https:\/\/laserrobotarm.com\/en\/wp-json\/wp\/v2\/pages\/2837\/revisions\/3169"}],"wp:attachment":[{"href":"https:\/\/laserrobotarm.com\/en\/wp-json\/wp\/v2\/media?parent=2837"}],"curies":[{"name":"wp","href":"https:\/\/api.w.org\/{rel}","templated":true}]}}